{"id":934,"date":"2022-03-27T09:58:11","date_gmt":"2022-03-27T09:58:11","guid":{"rendered":"https:\/\/agr-tc.pt\/wp\/?page_id=934"},"modified":"2024-10-05T01:35:28","modified_gmt":"2024-10-05T01:35:28","slug":"etwinning","status":"publish","type":"page","link":"https:\/\/agr-tc.pt\/wp\/?page_id=934","title":{"rendered":"eTwinning"},"content":{"rendered":"\n<figure class=\"wp-block-image\"><img decoding=\"async\" src=\"http:\/\/www.agr-tc.pt\/site\/images\/2021\/selosetwinning.png\" alt=\"\"\/><\/figure>\n\n\n\n<p class=\"has-medium-font-size\">O AETC faz parte da comunidade de escolas eTwinning, na qual j\u00e1 promoveu diversos projetos:&nbsp;<a rel=\"noreferrer noopener\" href=\"https:\/\/live.etwinning.net\/projects\/project\/240460\" target=\"_blank\">Viagens lusas de escrita<\/a>;&nbsp;&nbsp;<a rel=\"noreferrer noopener\" href=\"https:\/\/live.etwinning.net\/projects\/project\/218347\" target=\"_blank\">Our English World<\/a>;&nbsp;<a rel=\"noreferrer noopener\" href=\"https:\/\/live.etwinning.net\/projects\/project\/225814\" target=\"_blank\">European Day of Languages 2020<\/a>;&nbsp;<a rel=\"noreferrer noopener\" href=\"https:\/\/live.etwinning.net\/projects\/project\/181094\" target=\"_blank\">Fight for your Rights<\/a>;&nbsp;<a rel=\"noreferrer noopener\" href=\"https:\/\/live.etwinning.net\/projects\/project\/198281\" target=\"_blank\">Tree of English Words<\/a>;&nbsp;<a rel=\"noreferrer noopener\" href=\"https:\/\/live.etwinning.net\/projects\/project\/181094\" target=\"_blank\">Dance with the kids<\/a>. Este ano foi agraciado com o Selo Nacional de Qualidade e o Selo Europeu de Qualidade por ter desenvolvido um projeto inovador, em ingl\u00eas, que utiliza tecnologias em colabora\u00e7\u00e3o com trinta e duas (32) escolas de pa\u00edses europeus.<\/p>\n\n\n\n<p class=\"has-medium-font-size\">O projeto\u00a0\u00a0<strong>\u201cLearn&amp;Teach\u201d,<\/strong>\u00a0\u00a0\u00a0desenvolvido com alunos do 4.\u00ba ano da\u00a0Escola do Bom Jo\u00e3o durante o ano letivo de 2022\/2023, foi galardoado com o Selo Europeu eTwinning. Este selo reconhece a qualidade do projeto, o trabalho dos alunos e a colabora\u00e7\u00e3o entre as escolas parceiras.<\/p>\n\n\n\n<p class=\"has-medium-font-size\">O projeto The Future is in our Hands desenvolvido com as turmas do 4.\u00ba ano de Ingl\u00eas das duas escolas do 1.\u00ba ciclo, durante o ano letivo de 2022\/2023 foi galardoado com o selo europeu eTwinning. Este selo reconhece a qualidade do projeto, o trabalho dos alunos e a colabora\u00e7\u00e3o entre as escolas parceiras. O projeto pretendeu consciencializar os alunos para a problem\u00e1tica ambiental e, simultaneamente, capacit\u00e1-los com estrat\u00e9gias para serem capazes de tomar decis\u00f5es que visem cuidar do planeta para um futuro melhor.<\/p>\n\n\n\n<p class=\"has-medium-font-size\"><\/p>\n\n\n\n<p><\/p>\n","protected":false},"excerpt":{"rendered":"<p>O AETC faz parte da comunidade de escolas eTwinning, na qual j\u00e1 promoveu diversos projetos:&nbsp;Viagens lusas de escrita;&nbsp;&nbsp;Our English World;&nbsp;European Day of Languages 2020;&nbsp;Fight for your Rights;&nbsp;Tree of English Words;&nbsp;Dance with the kids. Este ano foi agraciado com o Selo Nacional de Qualidade e o Selo Europeu de Qualidade por ter desenvolvido um projeto inovador,&hellip;<\/p>\n","protected":false},"author":1,"featured_media":936,"parent":0,"menu_order":0,"comment_status":"closed","ping_status":"closed","template":"","meta":{"footnotes":""},"class_list":["post-934","page","type-page","status-publish","has-post-thumbnail","hentry"],"_links":{"self":[{"href":"https:\/\/agr-tc.pt\/wp\/index.php?rest_route=\/wp\/v2\/pages\/934","targetHints":{"allow":["GET"]}}],"collection":[{"href":"https:\/\/agr-tc.pt\/wp\/index.php?rest_route=\/wp\/v2\/pages"}],"about":[{"href":"https:\/\/agr-tc.pt\/wp\/index.php?rest_route=\/wp\/v2\/types\/page"}],"author":[{"embeddable":true,"href":"https:\/\/agr-tc.pt\/wp\/index.php?rest_route=\/wp\/v2\/users\/1"}],"replies":[{"embeddable":true,"href":"https:\/\/agr-tc.pt\/wp\/index.php?rest_route=%2Fwp%2Fv2%2Fcomments&post=934"}],"version-history":[{"count":4,"href":"https:\/\/agr-tc.pt\/wp\/index.php?rest_route=\/wp\/v2\/pages\/934\/revisions"}],"predecessor-version":[{"id":7389,"href":"https:\/\/agr-tc.pt\/wp\/index.php?rest_route=\/wp\/v2\/pages\/934\/revisions\/7389"}],"wp:featuredmedia":[{"embeddable":true,"href":"https:\/\/agr-tc.pt\/wp\/index.php?rest_route=\/wp\/v2\/media\/936"}],"wp:attachment":[{"href":"https:\/\/agr-tc.pt\/wp\/index.php?rest_route=%2Fwp%2Fv2%2Fmedia&parent=934"}],"curies":[{"name":"wp","href":"https:\/\/api.w.org\/{rel}","templated":true}]}}