{"id":756,"date":"2022-03-15T09:54:27","date_gmt":"2022-03-15T09:54:27","guid":{"rendered":"https:\/\/agr-tc.pt\/wp\/?page_id=756"},"modified":"2022-03-15T09:54:54","modified_gmt":"2022-03-15T09:54:54","slug":"plano-de-melhoria","status":"publish","type":"page","link":"https:\/\/agr-tc.pt\/wp\/?page_id=756","title":{"rendered":"Plano de Melhoria"},"content":{"rendered":"\n<div data-wp-interactive=\"core\/file\" class=\"wp-block-file\"><object data-wp-bind--hidden=\"!state.hasPdfPreview\" hidden class=\"wp-block-file__embed\" data=\"https:\/\/agr-tc.pt\/wp\/wp-content\/uploads\/2022\/03\/PMTC2016_18.pdf\" type=\"application\/pdf\" style=\"width:100%;height:600px\" aria-label=\"Incorpora\u00e7\u00e3o de Incorpora\u00e7\u00e3o de PMTC2016_18..\"><\/object><a id=\"wp-block-file--media-b92e5785-1ab5-41d0-a28a-7e23bda140e2\" href=\"https:\/\/agr-tc.pt\/wp\/wp-content\/uploads\/2022\/03\/PMTC2016_18.pdf\">PMTC2016_18<\/a><a href=\"https:\/\/agr-tc.pt\/wp\/wp-content\/uploads\/2022\/03\/PMTC2016_18.pdf\" class=\"wp-block-file__button\" download aria-describedby=\"wp-block-file--media-b92e5785-1ab5-41d0-a28a-7e23bda140e2\">Descarregar<\/a><\/div>\n\n\n\n<p><\/p>\n","protected":false},"excerpt":{"rendered":"","protected":false},"author":1,"featured_media":0,"parent":0,"menu_order":0,"comment_status":"closed","ping_status":"closed","template":"","meta":{"footnotes":""},"class_list":["post-756","page","type-page","status-publish","hentry"],"_links":{"self":[{"href":"https:\/\/agr-tc.pt\/wp\/index.php?rest_route=\/wp\/v2\/pages\/756","targetHints":{"allow":["GET"]}}],"collection":[{"href":"https:\/\/agr-tc.pt\/wp\/index.php?rest_route=\/wp\/v2\/pages"}],"about":[{"href":"https:\/\/agr-tc.pt\/wp\/index.php?rest_route=\/wp\/v2\/types\/page"}],"author":[{"embeddable":true,"href":"https:\/\/agr-tc.pt\/wp\/index.php?rest_route=\/wp\/v2\/users\/1"}],"replies":[{"embeddable":true,"href":"https:\/\/agr-tc.pt\/wp\/index.php?rest_route=%2Fwp%2Fv2%2Fcomments&post=756"}],"version-history":[{"count":2,"href":"https:\/\/agr-tc.pt\/wp\/index.php?rest_route=\/wp\/v2\/pages\/756\/revisions"}],"predecessor-version":[{"id":759,"href":"https:\/\/agr-tc.pt\/wp\/index.php?rest_route=\/wp\/v2\/pages\/756\/revisions\/759"}],"wp:attachment":[{"href":"https:\/\/agr-tc.pt\/wp\/index.php?rest_route=%2Fwp%2Fv2%2Fmedia&parent=756"}],"curies":[{"name":"wp","href":"https:\/\/api.w.org\/{rel}","templated":true}]}}