{"id":750,"date":"2022-03-15T09:46:39","date_gmt":"2022-03-15T09:46:39","guid":{"rendered":"https:\/\/agr-tc.pt\/wp\/?page_id=750"},"modified":"2022-03-15T09:46:42","modified_gmt":"2022-03-15T09:46:42","slug":"projeto-educativo","status":"publish","type":"page","link":"https:\/\/agr-tc.pt\/wp\/?page_id=750","title":{"rendered":"Projeto Educativo"},"content":{"rendered":"\n<div data-wp-interactive=\"core\/file\" class=\"wp-block-file\"><object data-wp-bind--hidden=\"!state.hasPdfPreview\" hidden class=\"wp-block-file__embed\" data=\"https:\/\/agr-tc.pt\/wp\/wp-content\/uploads\/2022\/03\/Projeto_Educativo_20202024PDF.pdf\" type=\"application\/pdf\" style=\"width:100%;height:600px\" aria-label=\"Incorpora\u00e7\u00e3o de Incorpora\u00e7\u00e3o de Projeto_Educativo_20202024PDF..\"><\/object><a id=\"wp-block-file--media-df85eea9-d96b-4575-9c1c-9fa35072fe2a\" href=\"https:\/\/agr-tc.pt\/wp\/wp-content\/uploads\/2022\/03\/Projeto_Educativo_20202024PDF.pdf\">Projeto_Educativo_20202024PDF<\/a><a href=\"https:\/\/agr-tc.pt\/wp\/wp-content\/uploads\/2022\/03\/Projeto_Educativo_20202024PDF.pdf\" class=\"wp-block-file__button\" download aria-describedby=\"wp-block-file--media-df85eea9-d96b-4575-9c1c-9fa35072fe2a\">Descarregar<\/a><\/div>\n\n\n\n<p><\/p>\n\n\n\n<p><\/p>\n","protected":false},"excerpt":{"rendered":"","protected":false},"author":1,"featured_media":0,"parent":0,"menu_order":0,"comment_status":"closed","ping_status":"closed","template":"","meta":{"footnotes":""},"class_list":["post-750","page","type-page","status-publish","hentry"],"_links":{"self":[{"href":"https:\/\/agr-tc.pt\/wp\/index.php?rest_route=\/wp\/v2\/pages\/750","targetHints":{"allow":["GET"]}}],"collection":[{"href":"https:\/\/agr-tc.pt\/wp\/index.php?rest_route=\/wp\/v2\/pages"}],"about":[{"href":"https:\/\/agr-tc.pt\/wp\/index.php?rest_route=\/wp\/v2\/types\/page"}],"author":[{"embeddable":true,"href":"https:\/\/agr-tc.pt\/wp\/index.php?rest_route=\/wp\/v2\/users\/1"}],"replies":[{"embeddable":true,"href":"https:\/\/agr-tc.pt\/wp\/index.php?rest_route=%2Fwp%2Fv2%2Fcomments&post=750"}],"version-history":[{"count":1,"href":"https:\/\/agr-tc.pt\/wp\/index.php?rest_route=\/wp\/v2\/pages\/750\/revisions"}],"predecessor-version":[{"id":752,"href":"https:\/\/agr-tc.pt\/wp\/index.php?rest_route=\/wp\/v2\/pages\/750\/revisions\/752"}],"wp:attachment":[{"href":"https:\/\/agr-tc.pt\/wp\/index.php?rest_route=%2Fwp%2Fv2%2Fmedia&parent=750"}],"curies":[{"name":"wp","href":"https:\/\/api.w.org\/{rel}","templated":true}]}}