{"id":7400,"date":"2024-10-07T02:27:44","date_gmt":"2024-10-07T02:27:44","guid":{"rendered":"https:\/\/agr-tc.pt\/wp\/?page_id=7400"},"modified":"2024-10-07T07:56:08","modified_gmt":"2024-10-07T07:56:08","slug":"recuperacao-de-modulos-ufcd-em-atraso","status":"publish","type":"page","link":"https:\/\/agr-tc.pt\/wp\/?page_id=7400","title":{"rendered":"Recupera\u00e7\u00e3o de m\u00f3dulos\/UFCD em atraso"},"content":{"rendered":"\n<p class=\"has-medium-font-size\">Aqui poder\u00e1 encontrar informa\u00e7\u00f5es relativas \u00e0 recupera\u00e7\u00e3o de m\u00f3dulos\/UFCD em atraso:<\/p>\n\n\n\n<div data-wp-interactive=\"core\/file\" class=\"wp-block-file\"><object data-wp-bind--hidden=\"!state.hasPdfPreview\" hidden class=\"wp-block-file__embed\" data=\"https:\/\/agr-tc.pt\/wp\/wp-content\/uploads\/2024\/10\/CP_Recuperacao-Modulos_Informacao-Pagina-Escola.pdf\" type=\"application\/pdf\" style=\"width:100%;height:970px\" aria-label=\"Incorpora\u00e7\u00e3o de CP_Recupera\u00e7\u00e3o M\u00f3dulos_Informa\u00e7\u00e3o P\u00e1gina Escola.\"><\/object><a id=\"wp-block-file--media-e9698b20-1e4f-428b-ba17-511a7e198190\" href=\"https:\/\/agr-tc.pt\/wp\/wp-content\/uploads\/2024\/10\/CP_Recuperacao-Modulos_Informacao-Pagina-Escola.pdf\">CP_Recupera\u00e7\u00e3o M\u00f3dulos_Informa\u00e7\u00e3o P\u00e1gina Escola<\/a><a href=\"https:\/\/agr-tc.pt\/wp\/wp-content\/uploads\/2024\/10\/CP_Recuperacao-Modulos_Informacao-Pagina-Escola.pdf\" class=\"wp-block-file__button wp-element-button\" download aria-describedby=\"wp-block-file--media-e9698b20-1e4f-428b-ba17-511a7e198190\">Descarregar<\/a><\/div>\n\n\n\n<hr class=\"wp-block-separator has-alpha-channel-opacity\"\/>\n\n\n\n<h2 class=\"wp-block-heading has-text-align-center\">Tutorial<\/h2>\n\n\n\n<div data-wp-interactive=\"core\/file\" class=\"wp-block-file\"><object data-wp-bind--hidden=\"!state.hasPdfPreview\" hidden class=\"wp-block-file__embed\" data=\"https:\/\/agr-tc.pt\/wp\/wp-content\/uploads\/2024\/10\/Tutorial-Recuperacoes.pdf\" type=\"application\/pdf\" style=\"width:100%;height:900px\" aria-label=\"Incorpora\u00e7\u00e3o de Tutorial Recupera\u00e7\u00f5es.\"><\/object><a id=\"wp-block-file--media-1ae9896f-6752-455c-872e-6329574dcd59\" href=\"https:\/\/agr-tc.pt\/wp\/wp-content\/uploads\/2024\/10\/Tutorial-Recuperacoes.pdf\">Tutorial Recupera\u00e7\u00f5es<\/a><a href=\"https:\/\/agr-tc.pt\/wp\/wp-content\/uploads\/2024\/10\/Tutorial-Recuperacoes.pdf\" class=\"wp-block-file__button wp-element-button\" download aria-describedby=\"wp-block-file--media-1ae9896f-6752-455c-872e-6329574dcd59\">Descarregar<\/a><\/div>\n\n\n\n<p><\/p>\n","protected":false},"excerpt":{"rendered":"<p>Aqui poder\u00e1 encontrar informa\u00e7\u00f5es relativas \u00e0 recupera\u00e7\u00e3o de m\u00f3dulos\/UFCD em atraso: Tutorial<\/p>\n","protected":false},"author":1,"featured_media":7403,"parent":0,"menu_order":0,"comment_status":"closed","ping_status":"closed","template":"","meta":{"footnotes":""},"class_list":["post-7400","page","type-page","status-publish","has-post-thumbnail","hentry"],"_links":{"self":[{"href":"https:\/\/agr-tc.pt\/wp\/index.php?rest_route=\/wp\/v2\/pages\/7400","targetHints":{"allow":["GET"]}}],"collection":[{"href":"https:\/\/agr-tc.pt\/wp\/index.php?rest_route=\/wp\/v2\/pages"}],"about":[{"href":"https:\/\/agr-tc.pt\/wp\/index.php?rest_route=\/wp\/v2\/types\/page"}],"author":[{"embeddable":true,"href":"https:\/\/agr-tc.pt\/wp\/index.php?rest_route=\/wp\/v2\/users\/1"}],"replies":[{"embeddable":true,"href":"https:\/\/agr-tc.pt\/wp\/index.php?rest_route=%2Fwp%2Fv2%2Fcomments&post=7400"}],"version-history":[{"count":5,"href":"https:\/\/agr-tc.pt\/wp\/index.php?rest_route=\/wp\/v2\/pages\/7400\/revisions"}],"predecessor-version":[{"id":7438,"href":"https:\/\/agr-tc.pt\/wp\/index.php?rest_route=\/wp\/v2\/pages\/7400\/revisions\/7438"}],"wp:featuredmedia":[{"embeddable":true,"href":"https:\/\/agr-tc.pt\/wp\/index.php?rest_route=\/wp\/v2\/media\/7403"}],"wp:attachment":[{"href":"https:\/\/agr-tc.pt\/wp\/index.php?rest_route=%2Fwp%2Fv2%2Fmedia&parent=7400"}],"curies":[{"name":"wp","href":"https:\/\/api.w.org\/{rel}","templated":true}]}}