{"id":720,"date":"2022-03-15T07:00:03","date_gmt":"2022-03-15T07:00:03","guid":{"rendered":"https:\/\/agr-tc.pt\/wp\/?page_id=720"},"modified":"2022-03-15T07:00:03","modified_gmt":"2022-03-15T07:00:03","slug":"plano-de-contigencia-covid19-bom-joao","status":"publish","type":"page","link":"https:\/\/agr-tc.pt\/wp\/?page_id=720","title":{"rendered":"Plano de Contig\u00eancia &#8211; COVID19 &#8211; Bom Jo\u00e3o"},"content":{"rendered":"\n<div data-wp-interactive=\"core\/file\" class=\"wp-block-file\"><object data-wp-bind--hidden=\"!state.hasPdfPreview\" hidden class=\"wp-block-file__embed\" data=\"https:\/\/agr-tc.pt\/wp\/wp-content\/uploads\/2022\/03\/Plano-de-Contingencia-COVID19_AETC_BomJoao.pdf\" type=\"application\/pdf\" style=\"width:100%;height:600px\" aria-label=\"Incorpora\u00e7\u00e3o de Incorpora\u00e7\u00e3o de Plano-de-Contingencia-COVID19_AETC_BomJoao..\"><\/object><a id=\"wp-block-file--media-41a3681c-69d0-482b-acfd-b845aafe0717\" href=\"https:\/\/agr-tc.pt\/wp\/wp-content\/uploads\/2022\/03\/Plano-de-Contingencia-COVID19_AETC_BomJoao.pdf\">Plano-de-Contingencia-COVID19_AETC_BomJoao<\/a><a href=\"https:\/\/agr-tc.pt\/wp\/wp-content\/uploads\/2022\/03\/Plano-de-Contingencia-COVID19_AETC_BomJoao.pdf\" class=\"wp-block-file__button\" download aria-describedby=\"wp-block-file--media-41a3681c-69d0-482b-acfd-b845aafe0717\">Descarregar<\/a><\/div>\n\n\n\n<p><\/p>\n","protected":false},"excerpt":{"rendered":"","protected":false},"author":1,"featured_media":0,"parent":0,"menu_order":0,"comment_status":"closed","ping_status":"closed","template":"","meta":{"footnotes":""},"class_list":["post-720","page","type-page","status-publish","hentry"],"_links":{"self":[{"href":"https:\/\/agr-tc.pt\/wp\/index.php?rest_route=\/wp\/v2\/pages\/720","targetHints":{"allow":["GET"]}}],"collection":[{"href":"https:\/\/agr-tc.pt\/wp\/index.php?rest_route=\/wp\/v2\/pages"}],"about":[{"href":"https:\/\/agr-tc.pt\/wp\/index.php?rest_route=\/wp\/v2\/types\/page"}],"author":[{"embeddable":true,"href":"https:\/\/agr-tc.pt\/wp\/index.php?rest_route=\/wp\/v2\/users\/1"}],"replies":[{"embeddable":true,"href":"https:\/\/agr-tc.pt\/wp\/index.php?rest_route=%2Fwp%2Fv2%2Fcomments&post=720"}],"version-history":[{"count":1,"href":"https:\/\/agr-tc.pt\/wp\/index.php?rest_route=\/wp\/v2\/pages\/720\/revisions"}],"predecessor-version":[{"id":722,"href":"https:\/\/agr-tc.pt\/wp\/index.php?rest_route=\/wp\/v2\/pages\/720\/revisions\/722"}],"wp:attachment":[{"href":"https:\/\/agr-tc.pt\/wp\/index.php?rest_route=%2Fwp%2Fv2%2Fmedia&parent=720"}],"curies":[{"name":"wp","href":"https:\/\/api.w.org\/{rel}","templated":true}]}}