{"id":708,"date":"2022-03-15T06:40:37","date_gmt":"2022-03-15T06:40:37","guid":{"rendered":"https:\/\/agr-tc.pt\/wp\/?page_id=708"},"modified":"2022-03-15T09:19:04","modified_gmt":"2022-03-15T09:19:04","slug":"plano-de-contigencia-aetc","status":"publish","type":"page","link":"https:\/\/agr-tc.pt\/wp\/?page_id=708","title":{"rendered":"Plano de Contig\u00eancia &#8211; COVID-19"},"content":{"rendered":"\n<p>Cl19ique nos seguintes links para ver o&nbsp;Plano de Conting\u00eancia do AETC por escolas:&nbsp;<a rel=\"noreferrer noopener\" href=\"https:\/\/drive.google.com\/file\/d\/1ITQlVl8DdlOGPUQmTm6vg_vcVTRQp_hp\/view?usp=sharing\" target=\"_blank\">Bom Jo\u00e3o<\/a>,&nbsp;<a href=\"https:\/\/drive.google.com\/file\/d\/1C9IClWE7p05y9Mw7hApY0BSQzh8TsozY\/view?usp=sharing\">Joaquim Magalh\u00e3es<\/a>,&nbsp;<a rel=\"noreferrer noopener\" href=\"https:\/\/drive.google.com\/file\/d\/1OQ2oXtI71dwklUzV6QZmZHFKLfs1AkJa\/view?usp=sharing\" target=\"_blank\">S. Lu\u00eds<\/a>,&nbsp;<a rel=\"noreferrer noopener\" href=\"https:\/\/drive.google.com\/file\/d\/1HFO_PDkfm6d2c6nUG9a_vx-okiQNqHiT\/view?usp=sharing\" target=\"_blank\">Tom\u00e1s Cabreira<\/a>.&nbsp;<\/p>\n","protected":false},"excerpt":{"rendered":"<p>Cl19ique nos seguintes links para ver o&nbsp;Plano de Conting\u00eancia do AETC por escolas:&nbsp;Bom Jo\u00e3o,&nbsp;Joaquim Magalh\u00e3es,&nbsp;S. Lu\u00eds,&nbsp;Tom\u00e1s Cabreira.&nbsp;<\/p>\n","protected":false},"author":1,"featured_media":0,"parent":571,"menu_order":0,"comment_status":"closed","ping_status":"closed","template":"","meta":{"footnotes":""},"class_list":["post-708","page","type-page","status-publish","hentry"],"_links":{"self":[{"href":"https:\/\/agr-tc.pt\/wp\/index.php?rest_route=\/wp\/v2\/pages\/708","targetHints":{"allow":["GET"]}}],"collection":[{"href":"https:\/\/agr-tc.pt\/wp\/index.php?rest_route=\/wp\/v2\/pages"}],"about":[{"href":"https:\/\/agr-tc.pt\/wp\/index.php?rest_route=\/wp\/v2\/types\/page"}],"author":[{"embeddable":true,"href":"https:\/\/agr-tc.pt\/wp\/index.php?rest_route=\/wp\/v2\/users\/1"}],"replies":[{"embeddable":true,"href":"https:\/\/agr-tc.pt\/wp\/index.php?rest_route=%2Fwp%2Fv2%2Fcomments&post=708"}],"version-history":[{"count":8,"href":"https:\/\/agr-tc.pt\/wp\/index.php?rest_route=\/wp\/v2\/pages\/708\/revisions"}],"predecessor-version":[{"id":741,"href":"https:\/\/agr-tc.pt\/wp\/index.php?rest_route=\/wp\/v2\/pages\/708\/revisions\/741"}],"up":[{"embeddable":true,"href":"https:\/\/agr-tc.pt\/wp\/index.php?rest_route=\/wp\/v2\/pages\/571"}],"wp:attachment":[{"href":"https:\/\/agr-tc.pt\/wp\/index.php?rest_route=%2Fwp%2Fv2%2Fmedia&parent=708"}],"curies":[{"name":"wp","href":"https:\/\/api.w.org\/{rel}","templated":true}]}}