{"id":703,"date":"2022-03-13T16:03:35","date_gmt":"2022-03-13T16:03:35","guid":{"rendered":"https:\/\/agr-tc.pt\/wp\/?page_id=703"},"modified":"2026-01-28T10:52:01","modified_gmt":"2026-01-28T10:52:01","slug":"regulamentos","status":"publish","type":"page","link":"https:\/\/agr-tc.pt\/wp\/?page_id=703","title":{"rendered":"Regulamentos e Regimentos"},"content":{"rendered":"\n<p class=\"has-medium-font-size\"><a href=\"https:\/\/agr-tc.pt\/wp\/?p=6960\" target=\"_blank\" rel=\"noreferrer noopener\">Regulamento Interno do AETC &#8211; 2024\/2028<\/a><\/p>\n\n\n\n<hr class=\"wp-block-separator has-alpha-channel-opacity\"\/>\n\n\n\n<p class=\"has-medium-font-size\"><a href=\"https:\/\/agr-tc.pt\/wp\/wp-content\/uploads\/2025\/12\/Nova_Estrategia_CD_AETC_2025_26-_FINAL.pdf\" target=\"_blank\" rel=\"noreferrer noopener\">Estrat\u00e9gia da Educa\u00e7\u00e3o para a Cidadania<\/a><\/p>\n\n\n\n<hr class=\"wp-block-separator has-alpha-channel-opacity\"\/>\n\n\n\n<p class=\"has-medium-font-size\"><a href=\"https:\/\/agr-tc.pt\/wp\/?p=10539\" target=\"_blank\" rel=\"noreferrer noopener\">Regulamento de Utiliza\u00e7\u00e3o do Audit\u00f3rio da Escola Secund\u00e1ria Tom\u00e1s Cabreira<\/a><\/p>\n\n\n\n<hr class=\"wp-block-separator has-alpha-channel-opacity\"\/>\n\n\n\n<p class=\"has-medium-font-size\"><a href=\"https:\/\/agr-tc.pt\/wp\/?p=6988\" target=\"_blank\" rel=\"noreferrer noopener\">Regimento dos Cursos Profissionais<\/a><\/p>\n\n\n\n<p class=\"has-medium-font-size\"><a href=\"https:\/\/agr-tc.pt\/wp\/?page_id=3317\" target=\"_blank\" rel=\"noreferrer noopener\">Regimento de Educa\u00e7\u00e3o F\u00edsica<\/a><\/p>\n\n\n\n<p class=\"has-medium-font-size\"><a href=\"https:\/\/agr-tc.pt\/wp\/?p=6995\" target=\"_blank\" rel=\"noreferrer noopener\">Regimento do GAAF &#8211; Gabinete de Apoio ao Aluno e \u00e0 Fam\u00edlia<\/a><\/p>\n\n\n\n<p class=\"has-medium-font-size\"><a href=\"https:\/\/agr-tc.pt\/wp\/?page_id=3346\" target=\"_blank\" rel=\"noreferrer noopener\">Regulamento do Servi\u00e7o de Psicologia do AETC<\/a><\/p>\n\n\n\n<hr class=\"wp-block-separator has-alpha-channel-opacity\"\/>\n\n\n\n<p class=\"has-medium-font-size\"><strong>EM BREVE:<\/strong><br>Regimento do Conselho Administrativo &#8211; MCI 1<br>Regulamento da Bolsa de Manuais Escolares &#8211; MCI 5<br>Regulamento de Bolsas de M\u00e9rito &#8211; MCI 6<br>Regulamento do Buffete &#8211; MCI 8<br>Regulamento dos Cart\u00f5es Eletr\u00f3nicos &#8211; MCI 7<br>Regulamento das Desloca\u00e7\u00f5es em Servi\u00e7o e Ajudas de Custo de Transporte &#8211; MCI 3<br>Regulamento da Papelaria &#8211; MCI<br>Regulamento da Reprografia Escolar &#8211; MCI 10<br>Regulamento do Seguro Escolar &#8211; MCI 4<\/p>\n\n\n\n<hr class=\"wp-block-separator has-alpha-channel-opacity\"\/>\n\n\n\n<p class=\"has-medium-font-size\"><a href=\"https:\/\/agr-tc.pt\/wp\/?p=6971\" target=\"_blank\" rel=\"noreferrer noopener\">Cacifos &#8211; Regulamento de utiliza\u00e7\u00e3o dos cacifos escolares na JM<\/a><\/p>\n\n\n\n<hr class=\"wp-block-separator has-alpha-channel-opacity\"\/>\n\n\n\n<p><\/p>\n","protected":false},"excerpt":{"rendered":"<p>Regulamento Interno do AETC &#8211; 2024\/2028 Estrat\u00e9gia da Educa\u00e7\u00e3o para a Cidadania Regulamento de Utiliza\u00e7\u00e3o do Audit\u00f3rio da Escola Secund\u00e1ria Tom\u00e1s Cabreira Regimento dos Cursos Profissionais Regimento de Educa\u00e7\u00e3o F\u00edsica Regimento do GAAF &#8211; Gabinete de Apoio ao Aluno e \u00e0 Fam\u00edlia Regulamento do Servi\u00e7o de Psicologia do AETC EM BREVE:Regimento do Conselho Administrativo &#8211;&hellip;<\/p>\n","protected":false},"author":2,"featured_media":0,"parent":0,"menu_order":0,"comment_status":"closed","ping_status":"closed","template":"","meta":{"footnotes":""},"class_list":["post-703","page","type-page","status-publish","hentry"],"_links":{"self":[{"href":"https:\/\/agr-tc.pt\/wp\/index.php?rest_route=\/wp\/v2\/pages\/703","targetHints":{"allow":["GET"]}}],"collection":[{"href":"https:\/\/agr-tc.pt\/wp\/index.php?rest_route=\/wp\/v2\/pages"}],"about":[{"href":"https:\/\/agr-tc.pt\/wp\/index.php?rest_route=\/wp\/v2\/types\/page"}],"author":[{"embeddable":true,"href":"https:\/\/agr-tc.pt\/wp\/index.php?rest_route=\/wp\/v2\/users\/2"}],"replies":[{"embeddable":true,"href":"https:\/\/agr-tc.pt\/wp\/index.php?rest_route=%2Fwp%2Fv2%2Fcomments&post=703"}],"version-history":[{"count":14,"href":"https:\/\/agr-tc.pt\/wp\/index.php?rest_route=\/wp\/v2\/pages\/703\/revisions"}],"predecessor-version":[{"id":10602,"href":"https:\/\/agr-tc.pt\/wp\/index.php?rest_route=\/wp\/v2\/pages\/703\/revisions\/10602"}],"wp:attachment":[{"href":"https:\/\/agr-tc.pt\/wp\/index.php?rest_route=%2Fwp%2Fv2%2Fmedia&parent=703"}],"curies":[{"name":"wp","href":"https:\/\/api.w.org\/{rel}","templated":true}]}}