{"id":643,"date":"2022-03-13T10:16:31","date_gmt":"2022-03-13T10:16:31","guid":{"rendered":"https:\/\/agr-tc.pt\/wp\/?page_id=643"},"modified":"2022-09-07T12:44:36","modified_gmt":"2022-09-07T12:44:36","slug":"estruturas-intermedias","status":"publish","type":"page","link":"https:\/\/agr-tc.pt\/wp\/?page_id=643","title":{"rendered":"Estruturas interm\u00e9dias\u00a0"},"content":{"rendered":"\n<p><strong>Coordenadores de Estabelecimento<\/strong><br><\/p>\n\n\n\n<p>Escola do Bom Jo\u00e3o: Maria Fernanda Vieira<\/p>\n\n\n\n<p>Escola de S. Lu\u00eds: Maria F\u00e1tima Dias<\/p>\n\n\n\n<p>Escola 2\/3 Dr. Joaquim Magalh\u00e3es: Ilda Maria Afonso Carepa<\/p>\n","protected":false},"excerpt":{"rendered":"<p>Coordenadores de Estabelecimento Escola do Bom Jo\u00e3o: Maria Fernanda Vieira Escola de S. Lu\u00eds: Maria F\u00e1tima Dias Escola 2\/3 Dr. Joaquim Magalh\u00e3es: Ilda Maria Afonso Carepa<\/p>\n","protected":false},"author":2,"featured_media":0,"parent":0,"menu_order":0,"comment_status":"closed","ping_status":"closed","template":"","meta":{"footnotes":""},"class_list":["post-643","page","type-page","status-publish","hentry"],"_links":{"self":[{"href":"https:\/\/agr-tc.pt\/wp\/index.php?rest_route=\/wp\/v2\/pages\/643","targetHints":{"allow":["GET"]}}],"collection":[{"href":"https:\/\/agr-tc.pt\/wp\/index.php?rest_route=\/wp\/v2\/pages"}],"about":[{"href":"https:\/\/agr-tc.pt\/wp\/index.php?rest_route=\/wp\/v2\/types\/page"}],"author":[{"embeddable":true,"href":"https:\/\/agr-tc.pt\/wp\/index.php?rest_route=\/wp\/v2\/users\/2"}],"replies":[{"embeddable":true,"href":"https:\/\/agr-tc.pt\/wp\/index.php?rest_route=%2Fwp%2Fv2%2Fcomments&post=643"}],"version-history":[{"count":3,"href":"https:\/\/agr-tc.pt\/wp\/index.php?rest_route=\/wp\/v2\/pages\/643\/revisions"}],"predecessor-version":[{"id":1182,"href":"https:\/\/agr-tc.pt\/wp\/index.php?rest_route=\/wp\/v2\/pages\/643\/revisions\/1182"}],"wp:attachment":[{"href":"https:\/\/agr-tc.pt\/wp\/index.php?rest_route=%2Fwp%2Fv2%2Fmedia&parent=643"}],"curies":[{"name":"wp","href":"https:\/\/api.w.org\/{rel}","templated":true}]}}