{"id":591,"date":"2025-09-15T01:05:00","date_gmt":"2025-09-15T01:05:00","guid":{"rendered":"https:\/\/agr-tc.pt\/wp\/?page_id=591"},"modified":"2025-09-22T22:42:49","modified_gmt":"2025-09-22T22:42:49","slug":"conselho-pedagogico","status":"publish","type":"page","link":"https:\/\/agr-tc.pt\/wp\/?page_id=591","title":{"rendered":"Conselho Pedag\u00f3gico &#8211; 2025\/2026"},"content":{"rendered":"\n<figure class=\"wp-block-table has-medium-font-size\"><table><tbody><tr><td><strong>CARGO&nbsp;<\/strong><\/td><td><strong>MEMBRO&nbsp;<\/strong><\/td><\/tr><tr><td>Presidente do Conselho Pedag\u00f3gico&nbsp;<\/td><td>Ana Paula Matos Mourato Marques&nbsp;<\/td><\/tr><tr><td>Coordenador da Educa\u00e7\u00e3o Pr\u00e9-Escolar e do 1.\u00ba Ciclo&nbsp;<\/td><td>Carlos Filipe Val Martins<\/td><\/tr><tr><td>Coordenador do Departamento de Ci\u00eancias Experimentais&nbsp;<\/td><td>Eduardo Vicente Silva<\/td><\/tr><tr><td>Coordenador do Departamento de Ci\u00eancias Sociais e&nbsp; Humanas&nbsp;<\/td><td>Maria Vit\u00f3ria Raposo Rev\u00e9s<\/td><\/tr><tr><td>Coordenador do Departamento de Express\u00f5es&nbsp;<\/td><td>Lu\u00eds Miguel Fernandes Matos dos Santos<\/td><\/tr><tr><td>Coordenador do Departamento de Educa\u00e7\u00e3o Especial<\/td><td>Maria Cristina Oliveira Gon\u00e7alves<\/td><\/tr><tr><td>Coordenador do Departamento de L\u00ednguas Estrangeiras&nbsp;<\/td><td>Paula Cristina Coelho Ferreira&nbsp;<\/td><\/tr><tr><td>Coordenador do Departamento de Matem\u00e1tica&nbsp;<\/td><td>C\u00e9lia Cristina Gon\u00e7alves Xavier<\/td><\/tr><tr><td>Coordenador do Departamento de Portugu\u00eas&nbsp;<\/td><td>Nat\u00e1lia Neves Machado Caboz&nbsp;&nbsp;<\/td><\/tr><tr><td>Coordenador dos Educadores de Inf\u00e2ncia \/ Coordenador<br>dos Professores Titulares de Turma do 1\u00ba.\u00a0 Ciclo<\/td><td>Isabel Cristina Canelas Freitas Silva \/ <br>Paula Miguel Amaro da Luz <\/td><\/tr><tr><td>Coordenador de Diretores de Turma do 2\u00ba. Ciclo&nbsp;<\/td><td>Ros\u00e1ria Cristina Costa Almeida Santos<\/td><\/tr><tr><td>Coordenador de Diretores de Turma do 3\u00ba. Ciclo&nbsp;<\/td><td>Ana Bela Cardanho Moreira&nbsp;<\/td><\/tr><tr><td>Coordenador do Ensino Sec. Regular e dos Cursos Art\u00edsticos&nbsp; Especializados&nbsp;<\/td><td>Maria da Gra\u00e7a Cardanho Moreira&nbsp;<\/td><\/tr><tr><td>Coordenador dos Cursos Profissionais&nbsp;<\/td><td>Guilherme Ant\u00f3nio Guerreiro Teixeira&nbsp;<\/td><\/tr><tr><td>Coordenador do Ensino Noturno&nbsp;<\/td><td>Filomena dos Reis Concei\u00e7\u00e3o \/ Lu\u00eds Pedro Martins Rosa Miguel\u00a0<\/td><\/tr><tr><td>Coordenador das Bibliotecas Escolares&nbsp;<\/td><td>Hugo Duarte Diogo Virtuoso \/ Sara&nbsp;Rute Correia da Mata&nbsp;<\/td><\/tr><tr><td>Coordenador do Centro Qualifica&nbsp;<\/td><td>Fernando Daniel Lopes Mendon\u00e7a&nbsp;<\/td><\/tr><\/tbody><\/table><\/figure>\n\n\n\n<hr class=\"wp-block-separator has-alpha-channel-opacity\"\/>\n\n\n\n<p><strong>Hist\u00f3rico:<\/strong><br><a href=\"https:\/\/agr-tc.pt\/wp\/?page_id=1761\" target=\"_blank\" rel=\"noreferrer noopener\">CP 2021\/2022<\/a><br><a href=\"https:\/\/agr-tc.pt\/wp\/?p=7094\" target=\"_blank\" rel=\"noreferrer noopener\">CP 2022\/2023<\/a><br><a href=\"https:\/\/agr-tc.pt\/wp\/?p=7096\" target=\"_blank\" rel=\"noreferrer noopener\">CP 2023\/2024<\/a><br><a href=\"https:\/\/agr-tc.pt\/wp\/?p=9886\" target=\"_blank\" rel=\"noreferrer noopener\">CP 2024\/2025<\/a><\/p>\n\n\n\n<p><\/p>\n","protected":false},"excerpt":{"rendered":"<p>CARGO&nbsp; MEMBRO&nbsp; Presidente do Conselho Pedag\u00f3gico&nbsp; Ana Paula Matos Mourato Marques&nbsp; Coordenador da Educa\u00e7\u00e3o Pr\u00e9-Escolar e do 1.\u00ba Ciclo&nbsp; Carlos Filipe Val Martins Coordenador do Departamento de Ci\u00eancias Experimentais&nbsp; Eduardo Vicente Silva Coordenador do Departamento de Ci\u00eancias Sociais e&nbsp; Humanas&nbsp; Maria Vit\u00f3ria Raposo Rev\u00e9s Coordenador do Departamento de Express\u00f5es&nbsp; Lu\u00eds Miguel Fernandes Matos dos Santos&hellip;<\/p>\n","protected":false},"author":1,"featured_media":0,"parent":0,"menu_order":0,"comment_status":"closed","ping_status":"closed","template":"","meta":{"footnotes":""},"class_list":["post-591","page","type-page","status-publish","hentry"],"_links":{"self":[{"href":"https:\/\/agr-tc.pt\/wp\/index.php?rest_route=\/wp\/v2\/pages\/591","targetHints":{"allow":["GET"]}}],"collection":[{"href":"https:\/\/agr-tc.pt\/wp\/index.php?rest_route=\/wp\/v2\/pages"}],"about":[{"href":"https:\/\/agr-tc.pt\/wp\/index.php?rest_route=\/wp\/v2\/types\/page"}],"author":[{"embeddable":true,"href":"https:\/\/agr-tc.pt\/wp\/index.php?rest_route=\/wp\/v2\/users\/1"}],"replies":[{"embeddable":true,"href":"https:\/\/agr-tc.pt\/wp\/index.php?rest_route=%2Fwp%2Fv2%2Fcomments&post=591"}],"version-history":[{"count":17,"href":"https:\/\/agr-tc.pt\/wp\/index.php?rest_route=\/wp\/v2\/pages\/591\/revisions"}],"predecessor-version":[{"id":9893,"href":"https:\/\/agr-tc.pt\/wp\/index.php?rest_route=\/wp\/v2\/pages\/591\/revisions\/9893"}],"wp:attachment":[{"href":"https:\/\/agr-tc.pt\/wp\/index.php?rest_route=%2Fwp%2Fv2%2Fmedia&parent=591"}],"curies":[{"name":"wp","href":"https:\/\/api.w.org\/{rel}","templated":true}]}}