{"id":571,"date":"2022-01-27T11:30:16","date_gmt":"2022-01-27T11:30:16","guid":{"rendered":"https:\/\/agr-tc.pt\/wp\/?page_id=571"},"modified":"2022-01-27T11:30:17","modified_gmt":"2022-01-27T11:30:17","slug":"documentos-legislacao","status":"publish","type":"page","link":"https:\/\/agr-tc.pt\/wp\/?page_id=571","title":{"rendered":"Documentos &#038; Legisla\u00e7\u00e3o"},"content":{"rendered":"\n<ul class=\"wp-block-list\"><li>Projeto Educativo<\/li><li>Regulamento Interno<\/li><li>Crit\u00e9rios de Avalia\u00e7\u00e3o<\/li><li>Estrat\u00e9gia de Educa\u00e7\u00e3o para a Cidadania<\/li><li>Impressos<\/li><li>Plano Anual de Atividades<\/li><li>Plano de Cidadania e Desenvolvimento<\/li><li>Plano de Conting\u00eancia para o Corona V\u00edrus<\/li><li>Plano de Limpeza e Higieniza\u00e7\u00e3o<\/li><li>Avalia\u00e7\u00e3o Externa<\/li><li>Pol\u00edtica de Privacidade e Prote\u00e7\u00e3o de Dados<\/li><\/ul>\n\n\n\n<p><\/p>\n","protected":false},"excerpt":{"rendered":"<p>Projeto Educativo Regulamento Interno Crit\u00e9rios de Avalia\u00e7\u00e3o Estrat\u00e9gia de Educa\u00e7\u00e3o para a Cidadania Impressos Plano Anual de Atividades Plano de Cidadania e Desenvolvimento Plano de Conting\u00eancia para o Corona V\u00edrus Plano de Limpeza e Higieniza\u00e7\u00e3o Avalia\u00e7\u00e3o Externa Pol\u00edtica de Privacidade e Prote\u00e7\u00e3o de Dados<\/p>\n","protected":false},"author":1,"featured_media":0,"parent":0,"menu_order":0,"comment_status":"closed","ping_status":"closed","template":"","meta":{"footnotes":""},"class_list":["post-571","page","type-page","status-publish","hentry"],"_links":{"self":[{"href":"https:\/\/agr-tc.pt\/wp\/index.php?rest_route=\/wp\/v2\/pages\/571","targetHints":{"allow":["GET"]}}],"collection":[{"href":"https:\/\/agr-tc.pt\/wp\/index.php?rest_route=\/wp\/v2\/pages"}],"about":[{"href":"https:\/\/agr-tc.pt\/wp\/index.php?rest_route=\/wp\/v2\/types\/page"}],"author":[{"embeddable":true,"href":"https:\/\/agr-tc.pt\/wp\/index.php?rest_route=\/wp\/v2\/users\/1"}],"replies":[{"embeddable":true,"href":"https:\/\/agr-tc.pt\/wp\/index.php?rest_route=%2Fwp%2Fv2%2Fcomments&post=571"}],"version-history":[{"count":1,"href":"https:\/\/agr-tc.pt\/wp\/index.php?rest_route=\/wp\/v2\/pages\/571\/revisions"}],"predecessor-version":[{"id":572,"href":"https:\/\/agr-tc.pt\/wp\/index.php?rest_route=\/wp\/v2\/pages\/571\/revisions\/572"}],"wp:attachment":[{"href":"https:\/\/agr-tc.pt\/wp\/index.php?rest_route=%2Fwp%2Fv2%2Fmedia&parent=571"}],"curies":[{"name":"wp","href":"https:\/\/api.w.org\/{rel}","templated":true}]}}