{"id":549,"date":"2022-01-26T09:36:00","date_gmt":"2022-01-26T09:36:00","guid":{"rendered":"https:\/\/agr-tc.pt\/wp\/?page_id=549"},"modified":"2022-01-26T09:40:37","modified_gmt":"2022-01-26T09:40:37","slug":"e360-sistema-de-gestao-escolar","status":"publish","type":"page","link":"https:\/\/agr-tc.pt\/wp\/?page_id=549","title":{"rendered":"E360 &#8211; Sistema de Gest\u00e3o Escolar"},"content":{"rendered":"\n<div class=\"wp-block-image\"><figure class=\"aligncenter size-full\"><img decoding=\"async\" src=\"https:\/\/agr-tc.pt\/wp\/wp-content\/uploads\/2022\/01\/e360logofinal.png\" alt=\"\" class=\"wp-image-550\"\/><\/figure><\/div>\n\n\n\n<div class=\"wp-block-image\"><figure class=\"aligncenter size-full is-resized\"><img loading=\"lazy\" decoding=\"async\" src=\"https:\/\/agr-tc.pt\/wp\/wp-content\/uploads\/2022\/01\/caderneta.png\" alt=\"\" class=\"wp-image-551\" width=\"135\" height=\"169\"\/><figcaption><strong>Caderneta do aluno E360 &#8211; APP Caderneta Digital\u00a0<\/strong><\/figcaption><\/figure><\/div>\n\n\n\n<p><\/p>\n\n\n\n<p>Os encarregados de educa\u00e7\u00e3o poder\u00e3o aceder ao E-360 via APP Caderneta do Aluno dispon\u00edvel para telem\u00f3vel e\/ou tablet (Android ou IOS), procedendo ao seu descarregamento respetivamente no Google Play (<a rel=\"noreferrer noopener\" href=\"https:\/\/play.google.com\/store\/apps\/details?id=pt.caderneta.dgeec\" target=\"_blank\"><strong>https:\/\/play.google.com\/store\/apps\/details?id=pt.caderneta.dgeec<\/strong><\/a>) &nbsp;ou na Apple Store (<a rel=\"noreferrer noopener\" href=\"https:\/\/apps.apple.com\/pt\/app\/caderneta-do-aluno\/id1504292952\" target=\"_blank\">https:\/\/apps.apple.com\/pt\/app\/caderneta-do-aluno\/id1504292952)<\/a>. O acesso \u00e9 feito atrav\u00e9s da Chave Digital dos encarregados de educa\u00e7\u00e3o ou dos alunos. A escola n\u00e3o tem interfer\u00eancia neste processo e todo o sistema de registo e acesso est\u00e1 dependente do servi\u00e7o de autentica\u00e7\u00e3o do governo, n\u00e3o tendo a escola qualquer controlo na gest\u00e3o ou cria\u00e7\u00e3o de acessos. Todas as informa\u00e7\u00f5es sobre criar chave m\u00f3vel digital e sua associa\u00e7\u00e3o a um n\u00famero de telem\u00f3vel pode ser consultados em&nbsp;<a rel=\"noreferrer noopener\" href=\"http:\/\/www.autenticacao.gov.pt\/a-chave-movel-digital\" target=\"_blank\">www.autentica\u00e7\u00e3o.gov.pt\/a-chave-movel-digital<\/a>.<\/p>\n\n\n\n<p>Esta APP apresenta um conjunto de funcionalidades simples e dispon\u00edveis para o canal mobile, orientadas quer para Encarregados de Educa\u00e7\u00e3o (EE) de alunos do pr\u00e9-escolar ao ensino secund\u00e1rio de todas as modalidades de ensino quer para alunos, ainda que com n\u00edveis de acesso diferenciados consoante o perfil.<\/p>\n\n\n\n<p>Com acesso a partir dos mecanismos de autentica\u00e7\u00e3o &#8211; gov &#8211; nomeadamente a Chave M\u00f3vel Digital, esta APP&nbsp; tem funcionalidades que permitem intera\u00e7\u00e3o entre EE e a Escola &#8211; permite consultar dados de registo biogr\u00e1ficos do aluno e do Encarregado de educa\u00e7\u00e3o, hor\u00e1rio do aluno, curr\u00edculo com as respetivas disciplinas e docentes associados, identifica\u00e7\u00e3o do Diretor de Turma\/Professor Titular de Turma, ocorr\u00eancias de natureza disciplinar, assiduidade do aluno, avalia\u00e7\u00e3o do aluno, sum\u00e1rios das aulas e lista de tarefas por disciplina. Permitir\u00e1 ainda a justifica\u00e7\u00e3o de faltas e a comunica\u00e7\u00e3o do EE com o Diretor de Turma\/Professor Titular de Turma, bem como a atualiza\u00e7\u00e3o de dados do registo biogr\u00e1fico.<\/p>\n\n\n\n<p>Anexos:<br>&#8211;<a href=\"https:\/\/www.agr-tc.pt\/site\/images\/2022\/CadAluno_Manual-de-Utilizador.pdf\" target=\"_blank\" rel=\"noreferrer noopener\">Manual do Utilizador da APP Caderneta do Aluno<\/a>;<br>&#8211;<a href=\"https:\/\/www.agr-tc.pt\/site\/images\/2022\/Manual-CMD.pdf\" target=\"_blank\" rel=\"noreferrer noopener\">Manual Chave M\u00f3vel Digital<\/a>.<\/p>\n\n\n\n<p><\/p>\n\n\n\n<p><\/p>\n","protected":false},"excerpt":{"rendered":"<p>Os encarregados de educa\u00e7\u00e3o poder\u00e3o aceder ao E-360 via APP Caderneta do Aluno dispon\u00edvel para telem\u00f3vel e\/ou tablet (Android ou IOS), procedendo ao seu descarregamento respetivamente no Google Play (https:\/\/play.google.com\/store\/apps\/details?id=pt.caderneta.dgeec) &nbsp;ou na Apple Store (https:\/\/apps.apple.com\/pt\/app\/caderneta-do-aluno\/id1504292952). O acesso \u00e9 feito atrav\u00e9s da Chave Digital dos encarregados de educa\u00e7\u00e3o ou dos alunos. A escola n\u00e3o tem interfer\u00eancia&hellip;<\/p>\n","protected":false},"author":2,"featured_media":0,"parent":0,"menu_order":0,"comment_status":"closed","ping_status":"closed","template":"","meta":{"footnotes":""},"class_list":["post-549","page","type-page","status-publish","hentry"],"_links":{"self":[{"href":"https:\/\/agr-tc.pt\/wp\/index.php?rest_route=\/wp\/v2\/pages\/549","targetHints":{"allow":["GET"]}}],"collection":[{"href":"https:\/\/agr-tc.pt\/wp\/index.php?rest_route=\/wp\/v2\/pages"}],"about":[{"href":"https:\/\/agr-tc.pt\/wp\/index.php?rest_route=\/wp\/v2\/types\/page"}],"author":[{"embeddable":true,"href":"https:\/\/agr-tc.pt\/wp\/index.php?rest_route=\/wp\/v2\/users\/2"}],"replies":[{"embeddable":true,"href":"https:\/\/agr-tc.pt\/wp\/index.php?rest_route=%2Fwp%2Fv2%2Fcomments&post=549"}],"version-history":[{"count":4,"href":"https:\/\/agr-tc.pt\/wp\/index.php?rest_route=\/wp\/v2\/pages\/549\/revisions"}],"predecessor-version":[{"id":556,"href":"https:\/\/agr-tc.pt\/wp\/index.php?rest_route=\/wp\/v2\/pages\/549\/revisions\/556"}],"wp:attachment":[{"href":"https:\/\/agr-tc.pt\/wp\/index.php?rest_route=%2Fwp%2Fv2%2Fmedia&parent=549"}],"curies":[{"name":"wp","href":"https:\/\/api.w.org\/{rel}","templated":true}]}}