{"id":525,"date":"2021-12-05T19:13:13","date_gmt":"2021-12-05T19:13:13","guid":{"rendered":"https:\/\/agr-tc.pt\/wp\/?page_id=525"},"modified":"2023-07-31T14:57:58","modified_gmt":"2023-07-31T14:57:58","slug":"escola-secundaria-tomas-cabreira","status":"publish","type":"page","link":"https:\/\/agr-tc.pt\/wp\/?page_id=525","title":{"rendered":"Escola Secund\u00e1ria de Tom\u00e1s Cabreira"},"content":{"rendered":"\n<p><\/p>\n\n\n\n<p><\/p>\n\n\n\n<p class=\"has-medium-font-size\">A Escola Secund\u00e1ria Tom\u00e1s Cabreira, atualmente sede do Agrupamento, \u00e9 uma escola centen\u00e1ria repleta de hist\u00f3ria e tradi\u00e7\u00e3o. Foi fundada no s\u00e9culo XIX, no ano de 1888, e funcionou inicialmente na rua do Munic\u00edpio. O atual edif\u00edcio, invulgarmente monumental para a \u00e9poca, foi constru\u00eddo para a escola, junto ao jardim da Alameda Jo\u00e3o de Deus no ano de 1908.<\/p>\n\n\n\n<p class=\"has-medium-font-size\">A Escola tem constitu\u00eddo um marco important\u00edssimo como refer\u00eancia educativa para muitas gera\u00e7\u00f5es de algarvios, que honrando a excel\u00eancia das suas aprendizagens se notabilizaram nos mais diversos setores da vida portuguesa. Da sua hist\u00f3ria faz parte o facto de ter vivido as muitas mudan\u00e7as de pol\u00edticas educativas do s\u00e9culo XX que levaram tamb\u00e9m a v\u00e1rias mudan\u00e7as do seu nome. Na sua atual localiza\u00e7\u00e3o funcionou o 1.\u00ba Liceu da cidade de Faro, na d\u00e9cada de 1950 passou a designar-se Escola T\u00e9cnica Serpa Pinto e pouco depois, Escola Industrial e Comercial de Faro. <\/p>\n\n\n\n<p class=\"has-medium-font-size\">No p\u00f3s 25 de abril de 1974 foi-lhe atribu\u00eddo o nome de Escola Secund\u00e1ria Tom\u00e1s Cabreira, em homenagem ao ilustre Algarvio, escritor, militar, professor e pol\u00edtico da 1.a Republica, Tom\u00e1s Ant\u00f3nio da Guarda Cabreira.<\/p>\n\n\n\n<p class=\"has-medium-font-size\">Tem uma localiza\u00e7\u00e3o privilegiada no centro da cidade e desempenha, em conformidade com a sua tradi\u00e7\u00e3o centen\u00e1ria, um importante papel na cidade e na regi\u00e3o, no que concerne \u00e0 forma\u00e7\u00e3o de todos e cada dos seus alunos, dotando-os de compet\u00eancias e conhecimentos que permitam ir ao encontro das expetativas dos alunos e das fam\u00edlias, explorar plenamente as suas capacidades e integrar-se na sociedade.<br><\/p>\n\n\n\n<p class=\"has-medium-font-size\">\u00c9 uma Escola detentora de uma identidade pr\u00f3pria, com uma forte tradi\u00e7\u00e3o no ensino profissional, resultante da sua longa hist\u00f3ria como escola t\u00e9cnica, mas que atualmente oferece todas as \u00e1reas de prosseguimento<br>de estudos e \u00e9 muito procurada por jovens e adultos n\u00e3o s\u00f3 de Faro, mas tamb\u00e9m dos concelhos lim\u00edtrofes, com elevadas expectativas na qualidade educativa prestada.<\/p>\n\n\n\n<hr>\n\n\n\n<p class=\"has-text-align-center has-medium-font-size\">Endere\u00e7o: R. Dr. Manuel Arriaga 2, 8000-151 Faro<\/p>\n","protected":false},"excerpt":{"rendered":"<p>A Escola Secund\u00e1ria Tom\u00e1s Cabreira, atualmente sede do Agrupamento, \u00e9 uma escola centen\u00e1ria repleta de hist\u00f3ria e tradi\u00e7\u00e3o. Foi fundada no s\u00e9culo XIX, no ano de 1888, e funcionou inicialmente na rua do Munic\u00edpio. O atual edif\u00edcio, invulgarmente monumental para a \u00e9poca, foi constru\u00eddo para a escola, junto ao jardim da Alameda Jo\u00e3o de Deus&hellip;<\/p>\n","protected":false},"author":2,"featured_media":492,"parent":0,"menu_order":0,"comment_status":"closed","ping_status":"closed","template":"","meta":{"footnotes":""},"class_list":["post-525","page","type-page","status-publish","has-post-thumbnail","hentry"],"_links":{"self":[{"href":"https:\/\/agr-tc.pt\/wp\/index.php?rest_route=\/wp\/v2\/pages\/525","targetHints":{"allow":["GET"]}}],"collection":[{"href":"https:\/\/agr-tc.pt\/wp\/index.php?rest_route=\/wp\/v2\/pages"}],"about":[{"href":"https:\/\/agr-tc.pt\/wp\/index.php?rest_route=\/wp\/v2\/types\/page"}],"author":[{"embeddable":true,"href":"https:\/\/agr-tc.pt\/wp\/index.php?rest_route=\/wp\/v2\/users\/2"}],"replies":[{"embeddable":true,"href":"https:\/\/agr-tc.pt\/wp\/index.php?rest_route=%2Fwp%2Fv2%2Fcomments&post=525"}],"version-history":[{"count":16,"href":"https:\/\/agr-tc.pt\/wp\/index.php?rest_route=\/wp\/v2\/pages\/525\/revisions"}],"predecessor-version":[{"id":4357,"href":"https:\/\/agr-tc.pt\/wp\/index.php?rest_route=\/wp\/v2\/pages\/525\/revisions\/4357"}],"wp:featuredmedia":[{"embeddable":true,"href":"https:\/\/agr-tc.pt\/wp\/index.php?rest_route=\/wp\/v2\/media\/492"}],"wp:attachment":[{"href":"https:\/\/agr-tc.pt\/wp\/index.php?rest_route=%2Fwp%2Fv2%2Fmedia&parent=525"}],"curies":[{"name":"wp","href":"https:\/\/api.w.org\/{rel}","templated":true}]}}