{"id":511,"date":"2021-12-05T18:35:16","date_gmt":"2021-12-05T18:35:16","guid":{"rendered":"https:\/\/agr-tc.pt\/wp\/?page_id=511"},"modified":"2025-06-09T02:24:34","modified_gmt":"2025-06-09T02:24:34","slug":"escola-basica-do-bom-joao","status":"publish","type":"page","link":"https:\/\/agr-tc.pt\/wp\/?page_id=511","title":{"rendered":"Escola B\u00e1sica do Bom Jo\u00e3o"},"content":{"rendered":"\n<div class=\"wp-block-group is-nowrap is-layout-flex wp-container-core-group-is-layout-ad2f72ca wp-block-group-is-layout-flex\"><div class=\"wp-block-image\">\n<figure class=\"aligncenter size-large is-resized\"><img loading=\"lazy\" decoding=\"async\" width=\"1024\" height=\"1024\" src=\"https:\/\/agr-tc.pt\/wp\/wp-content\/uploads\/2025\/06\/BomJoao-1024x1024.jpg\" alt=\"\" class=\"wp-image-9271\" style=\"width:160px;height:auto\" srcset=\"https:\/\/agr-tc.pt\/wp\/wp-content\/uploads\/2025\/06\/BomJoao-1024x1024.jpg 1024w, https:\/\/agr-tc.pt\/wp\/wp-content\/uploads\/2025\/06\/BomJoao-300x300.jpg 300w, https:\/\/agr-tc.pt\/wp\/wp-content\/uploads\/2025\/06\/BomJoao-150x150.jpg 150w\" sizes=\"auto, (max-width: 1024px) 100vw, 1024px\" \/><\/figure>\n<\/div>\n\n\n<p class=\"has-small-font-size\">A Escola E.B.1 do Bom Jo\u00e3o, situa-se no Bairro do Bom Jo\u00e3o na Freguesia de Faro (S\u00e9\u00a0e S. Pedro ou melhor Uni\u00e3o das freguesias de Faro). Encontra-se implantada numa zona que articula diversos tipos de estruturas habitacionais, a saber: o antigo bairro, edif\u00edcios e vivendas e habita\u00e7\u00e3o social.\u00a0\u00a0 Integra-se tamb\u00e9m na zona o Instituto Dr. Francisco Gomes. A escola serve ainda alguns bairros cont\u00edguos a este: Atalaia e Horta da Areia. O edif\u00edcio escolar, constru\u00eddo em 1970, \u00e9 de tipologia do Plano dos Centen\u00e1rios e \u00e9 composto por dois blocos cont\u00edguos. A escola foi submetida a obras de remodela\u00e7\u00e3o e amplia\u00e7\u00e3o durante o ano letivo 2005\/06. \u00c9 constitu\u00edda por 9 salas, 8 sanit\u00e1rios, refeit\u00f3rio, cozinha, biblioteca, sala de professores, 2 pequenas arrecada\u00e7\u00f5es, elevador, casa de m\u00e1quinas, um parque infantil, uma horta pedag\u00f3gica e campo de jogos. Todo o exterior \u00e9 pavimentado. A demografia na zona envolvente, em virtude da exist\u00eancia de constru\u00e7\u00e3o promovida por v\u00e1rias Cooperativas de Habita\u00e7\u00e3o \u00e9 de m\u00e9dia\/alta densidade, podendo considerar-se a popula\u00e7\u00e3o com idades jovem\/m\u00e9dia. A escola funciona nos regimes normal e duplo de monodoc\u00eancia.<\/p>\n<hr class=\"wp-block-separator has-alpha-channel-opacity\" \/>\n<\/div>\n\n\n\n<section id=\"g-w8ldqdo\" class=\"wp-block-gutentor-m4 section-g-w8ldqdo gutentor-module gutentor-advanced-columns\"><div class=\"grid-container\"><div class=\"grid-row\">\n<div id=\"col-g-ssuvycu\" class=\"wp-block-gutentor-m4-col col-g-ssuvycu gutentor-single-column  grid-lg-4 grid-md-12 grid-12\"><div id=\"section-g-ssuvycu\" class=\"section-g-ssuvycu gutentor-col-wrap\">\n<figure class=\"wp-block-image size-large\"><img loading=\"lazy\" decoding=\"async\" width=\"1024\" height=\"1024\" src=\"https:\/\/agr-tc.pt\/wp\/wp-content\/uploads\/2025\/06\/BomJoao-1-1024x1024.jpg\" alt=\"\" class=\"wp-image-9274\" srcset=\"https:\/\/agr-tc.pt\/wp\/wp-content\/uploads\/2025\/06\/BomJoao-1-1024x1024.jpg 1024w, https:\/\/agr-tc.pt\/wp\/wp-content\/uploads\/2025\/06\/BomJoao-1-300x300.jpg 300w, https:\/\/agr-tc.pt\/wp\/wp-content\/uploads\/2025\/06\/BomJoao-1-150x150.jpg 150w\" sizes=\"auto, (max-width: 1024px) 100vw, 1024px\" \/><\/figure>\n<\/div><\/div>\n\n\n\n<div id=\"col-g-ifw7ers\" class=\"wp-block-gutentor-m4-col col-g-ifw7ers gutentor-single-column  grid-lg-4 grid-md-12 grid-12\"><div id=\"section-g-ifw7ers\" class=\"section-g-ifw7ers gutentor-col-wrap\">\n<figure class=\"wp-block-image size-large\"><img loading=\"lazy\" decoding=\"async\" width=\"1024\" height=\"1024\" src=\"https:\/\/agr-tc.pt\/wp\/wp-content\/uploads\/2025\/06\/saladeAulaBomJoao-1024x1024.jpg\" alt=\"\" class=\"wp-image-9275\" srcset=\"https:\/\/agr-tc.pt\/wp\/wp-content\/uploads\/2025\/06\/saladeAulaBomJoao-1024x1024.jpg 1024w, https:\/\/agr-tc.pt\/wp\/wp-content\/uploads\/2025\/06\/saladeAulaBomJoao-300x300.jpg 300w, https:\/\/agr-tc.pt\/wp\/wp-content\/uploads\/2025\/06\/saladeAulaBomJoao-150x150.jpg 150w\" sizes=\"auto, (max-width: 1024px) 100vw, 1024px\" \/><\/figure>\n<\/div><\/div>\n\n\n\n<div id=\"col-g-wxei1e1\" class=\"wp-block-gutentor-m4-col col-g-wxei1e1 gutentor-single-column  grid-lg-4 grid-md-12 grid-12\"><div id=\"section-g-wxei1e1\" class=\"section-g-wxei1e1 gutentor-col-wrap\">\n<figure class=\"wp-block-image size-large\"><img loading=\"lazy\" decoding=\"async\" width=\"1024\" height=\"1024\" src=\"https:\/\/agr-tc.pt\/wp\/wp-content\/uploads\/2025\/06\/campoJogosBomJoao-1024x1024.jpg\" alt=\"\" class=\"wp-image-9276\" srcset=\"https:\/\/agr-tc.pt\/wp\/wp-content\/uploads\/2025\/06\/campoJogosBomJoao-1024x1024.jpg 1024w, https:\/\/agr-tc.pt\/wp\/wp-content\/uploads\/2025\/06\/campoJogosBomJoao-300x300.jpg 300w, https:\/\/agr-tc.pt\/wp\/wp-content\/uploads\/2025\/06\/campoJogosBomJoao-150x150.jpg 150w\" sizes=\"auto, (max-width: 1024px) 100vw, 1024px\" \/><\/figure>\n<\/div><\/div>\n<\/div><\/div><\/section>\n\n\n\n<p><strong>Contactos<\/strong>:<br>EB1 &#8211; Bom Jo\u00e3o<br>Bairro do Bom Jo\u00e3o<br>8000-209 Faro<br>Telefone: 289 804 287<br>Email dos servi\u00e7os administrativos do agrupamento:&nbsp;<a href=\"mailto:secretaria@agr-tc.pt\">secretaria@agr-tc.pt<\/a><\/p>\n\n\n\n<p><strong>Localiza\u00e7\u00e3o:<br><\/strong>Escola B\u00e1sica do 1.\u00ba ciclo do Bom Jo\u00e3o<br>(ou EB1 Bom Jo\u00e3o ou EB1 n.\u00ba 3 de Faro)<br>37\u00b000&#8217;57.8&#8243;N 7\u00b055&#8217;14.4&#8243;W<br>37.016059, -7.92066<\/p>\n\n\n\n<div class=\"wp-block-group\"><div class=\"wp-block-group__inner-container is-layout-flow wp-block-group-is-layout-flow\"><div class=\"wp-block-image\">\n<figure class=\"aligncenter size-large is-resized\"><a href=\"https:\/\/www.google.com\/maps\/place\/37%C2%B000'57.8%22N+7%C2%B055'14.4%22W\/@37.0151168,-7.9208076,126a,35y,39.54t\/data=!3m1!1e3!4m5!3m4!1s0x0:0x819b5c0d9f110a1c!8m2!3d37.016059!4d-7.92066?hl=pt-BR\" target=\"_blank\" rel=\"noreferrer noopener\"><img loading=\"lazy\" decoding=\"async\" width=\"1024\" height=\"628\" src=\"https:\/\/agr-tc.pt\/wp\/wp-content\/uploads\/2022\/09\/bomjoaogoogle-1024x628.png\" alt=\"\" class=\"wp-image-1260\" style=\"width:768px;height:471px\"\/><\/a><\/figure>\n<\/div><\/div><\/div>\n\n\n\n<p>Clique,&nbsp;<a href=\"https:\/\/agr-tc.pt\/wp\/?page_id=1062\" target=\"_blank\" rel=\"noreferrer noopener\">aqui<\/a>, para ver os contactos de todas as escolas do agrupamento<\/p>\n\n\n\n<p><br><strong style=\"font-size: var(--wp--preset--font-size--small) ;\">Atividades &#8211; <a href=\"https:\/\/agr-tc.pt\/wp\/?cat=18\">Clicando aqui poder\u00e1 visualizar atividades recentes da Escola do Bom Jo\u00e3o<\/a>.<\/strong><br><\/p>\n\n\n<div class=\"wp-block-image\">\n<figure class=\"aligncenter size-full\"><a href=\"https:\/\/www.agr-tc.pt\/site\/index.php\/atividades-bj\" target=\"_blank\" rel=\"noreferrer noopener\"><img loading=\"lazy\" decoding=\"async\" width=\"800\" height=\"600\" src=\"https:\/\/agr-tc.pt\/wp\/wp-content\/uploads\/2022\/09\/BomJoaovariasnoticias800x600.jpg\" alt=\"\" class=\"wp-image-1268\" srcset=\"https:\/\/agr-tc.pt\/wp\/wp-content\/uploads\/2022\/09\/BomJoaovariasnoticias800x600.jpg 800w, https:\/\/agr-tc.pt\/wp\/wp-content\/uploads\/2022\/09\/BomJoaovariasnoticias800x600-768x576.jpg 768w\" sizes=\"auto, (max-width: 800px) 100vw, 800px\" \/><\/a><\/figure>\n<\/div>\n\n\n<hr class=\"wp-block-separator has-alpha-channel-opacity\"\/>\n\n\n\n<hr class=\"wp-block-separator has-alpha-channel-opacity\"\/>\n\n\n\n<hr class=\"wp-block-separator has-alpha-channel-opacity\"\/>\n\n\n\n<p><\/p>\n","protected":false},"excerpt":{"rendered":"<p>A Escola E.B.1 do Bom Jo\u00e3o, situa-se no Bairro do Bom Jo\u00e3o na Freguesia de Faro (S\u00e9\u00a0e S. Pedro ou melhor Uni\u00e3o das freguesias de Faro). Encontra-se implantada numa zona que articula diversos tipos de estruturas habitacionais, a saber: o antigo bairro, edif\u00edcios e vivendas e habita\u00e7\u00e3o social.\u00a0\u00a0 Integra-se tamb\u00e9m na zona o Instituto Dr.&hellip;<\/p>\n","protected":false},"author":2,"featured_media":9274,"parent":0,"menu_order":0,"comment_status":"closed","ping_status":"closed","template":"","meta":{"footnotes":""},"class_list":["post-511","page","type-page","status-publish","has-post-thumbnail","hentry"],"_links":{"self":[{"href":"https:\/\/agr-tc.pt\/wp\/index.php?rest_route=\/wp\/v2\/pages\/511","targetHints":{"allow":["GET"]}}],"collection":[{"href":"https:\/\/agr-tc.pt\/wp\/index.php?rest_route=\/wp\/v2\/pages"}],"about":[{"href":"https:\/\/agr-tc.pt\/wp\/index.php?rest_route=\/wp\/v2\/types\/page"}],"author":[{"embeddable":true,"href":"https:\/\/agr-tc.pt\/wp\/index.php?rest_route=\/wp\/v2\/users\/2"}],"replies":[{"embeddable":true,"href":"https:\/\/agr-tc.pt\/wp\/index.php?rest_route=%2Fwp%2Fv2%2Fcomments&post=511"}],"version-history":[{"count":16,"href":"https:\/\/agr-tc.pt\/wp\/index.php?rest_route=\/wp\/v2\/pages\/511\/revisions"}],"predecessor-version":[{"id":9282,"href":"https:\/\/agr-tc.pt\/wp\/index.php?rest_route=\/wp\/v2\/pages\/511\/revisions\/9282"}],"wp:featuredmedia":[{"embeddable":true,"href":"https:\/\/agr-tc.pt\/wp\/index.php?rest_route=\/wp\/v2\/media\/9274"}],"wp:attachment":[{"href":"https:\/\/agr-tc.pt\/wp\/index.php?rest_route=%2Fwp%2Fv2%2Fmedia&parent=511"}],"curies":[{"name":"wp","href":"https:\/\/api.w.org\/{rel}","templated":true}]}}