{"id":501,"date":"2021-12-05T17:46:21","date_gmt":"2021-12-05T17:46:21","guid":{"rendered":"https:\/\/agr-tc.pt\/wp\/?page_id=501"},"modified":"2023-04-06T22:05:30","modified_gmt":"2023-04-06T22:05:30","slug":"escola-basica-de-s-luis","status":"publish","type":"page","link":"https:\/\/agr-tc.pt\/wp\/?page_id=501","title":{"rendered":"Escola B\u00e1sica de S. Lu\u00eds"},"content":{"rendered":"\n<p class=\"has-small-font-size\">A Escola E.B.1 de S. Lu\u00eds situa-se no cora\u00e7\u00e3o da cidade. Atualmente est\u00e1 rodeada por uma zona comercial diversificada que engloba lojas comerciais, ag\u00eancias banc\u00e1rias, correios, consult\u00f3rios m\u00e9dicos, farm\u00e1cias, papelarias, supermercados, restaurantes, Mercado Municipal, Pol\u00edcia de Seguran\u00e7a P\u00fablica, Junta de Freguesia da S\u00e9 e S. Pedro, Escola 2,3 Dr. Joaquim Magalh\u00e3es, Escola Secund\u00e1ria Tom\u00e1s Cabreira e a C\u00e2mara Municipal. Recentemente foram constru\u00eddas duas galerias comerciais com acesso por uma das linhas lim\u00edtrofes ao recinto escolar, o que tornou o tr\u00e2nsito ainda mais intenso.<br>A Escola est\u00e1 inserida numa \u00e1rea onde a malha urbana est\u00e1, desde h\u00e1 muito, consolidada. A zona habitacional \u00e9 constitu\u00edda por habita\u00e7\u00f5es t\u00e9rreas e blocos de andares de onde vem uma percentagem da nossa popula\u00e7\u00e3o escolar.<br>A situa\u00e7\u00e3o acima referida origina algum mercado de emprego. Sendo poss\u00edvel matricular os alunos na escola da \u00e1rea de trabalho dos Pais\/Encarregados de Educa\u00e7\u00e3o, uma percentagem dos alunos que frequentam a escola s\u00e3o oriundos da periferia da cidade.<br>Integra-se tamb\u00e9m na zona da escola a Institui\u00e7\u00e3o Casa St\u00aa Isabel, destinada a raparigas \u00f3rf\u00e3s ou consideradas em risco no seu meio familiar.<br>O edif\u00edcio escolar, constru\u00eddo nos anos 1947\/48, pertence ao projeto tipo \u201cPlanos Centen\u00e1rios\u201d e \u00e9 composto por tr\u00eas blocos. A Escola sofreu obras de requalifica\u00e7\u00e3o e amplia\u00e7\u00e3o durante os anos letivos 2006\/2007 e 2007\/2008. \u00c9 formada por dois blocos de salas de aula, Bloco A com 8 salas e o Bloco B com 4 salas de aula, e o novo Bloco C onde est\u00e1 instalada a Biblioteca Escolar, pertencente \u00e0 Rede Nacional de Bibliotecas Escolares, o refeit\u00f3rio, sala dos professores, gabinete da coordenadora e sala polivalente. Em todos os Blocos existem sanit\u00e1rios para meninos e meninas e para alunos com incapacidade f\u00edsica-motora. Todo o espa\u00e7o exterior \u00e9 pavimentado, \u00e0 exce\u00e7\u00e3o de uma pequena zona em terra e tem um campo de jogos.<\/p>\n\n\n\n<hr class=\"wp-block-separator has-alpha-channel-opacity\"\/>\n\n\n\n<p class=\"has-small-font-size\"><strong>Atividades &#8211; Nesta nova p\u00e1gina do agrupamento poder\u00e1 ver atividades da escola de S. Lu\u00eds <a rel=\"noreferrer noopener\" href=\"https:\/\/agr-tc.pt\/wp\/?cat=17\" target=\"_blank\">clicando aqu<\/a><mark style=\"background-color:rgba(0, 0, 0, 0)\" class=\"has-inline-color has-luminous-vivid-amber-color\"><a rel=\"noreferrer noopener\" href=\"https:\/\/agr-tc.pt\/wp\/?cat=17\" target=\"_blank\">i<\/a><\/mark>.<\/strong><\/p>\n\n\n\n<hr class=\"wp-block-separator has-alpha-channel-opacity\"\/>\n\n\n\n<p class=\"has-small-font-size\"><strong>Hist\u00f3rico &#8211; Atividades<\/strong><\/p>\n\n\n\n<p class=\"has-small-font-size\"><strong>De seguida publicamos um link para a anterior p\u00e1gina do agrupamento onde pode aceder a mais de duzentas not\u00edcias de atividades da Escola de S. Lu\u00eds: <a rel=\"noreferrer noopener\" href=\"https:\/\/www.agr-tc.pt\/site\/index.php\/atividades-sl-eb1\" target=\"_blank\">https:\/\/www.agr-tc.pt\/site\/index.php\/atividades-sl-eb1<\/a><\/strong><\/p>\n\n\n<div class=\"wp-block-image\">\n<figure class=\"aligncenter size-large\"><a href=\"https:\/\/www.agr-tc.pt\/site\/index.php\/atividades-sl-eb1\" target=\"_blank\" rel=\"noreferrer noopener\"><img loading=\"lazy\" decoding=\"async\" width=\"1024\" height=\"689\" src=\"https:\/\/agr-tc.pt\/wp\/wp-content\/uploads\/2022\/09\/sl-hp2022set-1024x689.png\" alt=\"\" class=\"wp-image-1204\"\/><\/a><\/figure>\n<\/div>\n\n\n<hr class=\"wp-block-separator has-alpha-channel-opacity\"\/>\n\n\n\n<p><strong>Contactos<\/strong>:<br>EB1 &#8211; S. Lu\u00eds<br>Rua Jo\u00e3o de Deus n\u00ba 16A, Faro<br>8000-368 Faro<br>Email:&nbsp;<a href=\"mailto:s.luis@agr-tc.pt\">s.luis@agr-tc.pt<\/a><br>Telefone: 289 824 021<\/p>\n\n\n\n<hr class=\"wp-block-separator has-alpha-channel-opacity\"\/>\n\n\n\n<p><strong>Localiza\u00e7\u00f5es:<\/strong><br>Escola do 1.\u00ba ciclo do Ensino B\u00e1sico de S. Lu\u00eds<br>(ou EB1 S. Lu\u00eds e antes foi EB1 n.\u00ba 1 de Faro ou Escola Prim\u00e1ria de S. Lu\u00eds)<br>37\u00b001&#8217;05.6&#8243;N 7\u00b055&#8217;46.7&#8243;W<br>37.018209, -7.929640<\/p>\n\n\n<div class=\"wp-block-image\">\n<figure class=\"aligncenter size-large\"><a href=\"https:\/\/www.google.com\/maps\/place\/37%C2%B001'05.6%22N+7%C2%B055'46.7%22W\/@37.0186026,-7.9311047,151a,35y,90h,39.52t\/data=!3m1!1e3!4m5!3m4!1s0x0:0x7ea3995e6bdc7897!8m2!3d37.018209!4d-7.92964?hl=pt-BR\" target=\"_blank\" rel=\"noreferrer noopener\"><img loading=\"lazy\" decoding=\"async\" width=\"1024\" height=\"596\" src=\"https:\/\/agr-tc.pt\/wp\/wp-content\/uploads\/2022\/09\/sluiagoogle-1024x596.png\" alt=\"\" class=\"wp-image-1271\"\/><\/a><\/figure>\n<\/div>","protected":false},"excerpt":{"rendered":"<p>A Escola E.B.1 de S. Lu\u00eds situa-se no cora\u00e7\u00e3o da cidade. Atualmente est\u00e1 rodeada por uma zona comercial diversificada que engloba lojas comerciais, ag\u00eancias banc\u00e1rias, correios, consult\u00f3rios m\u00e9dicos, farm\u00e1cias, papelarias, supermercados, restaurantes, Mercado Municipal, Pol\u00edcia de Seguran\u00e7a P\u00fablica, Junta de Freguesia da S\u00e9 e S. Pedro, Escola 2,3 Dr. Joaquim Magalh\u00e3es, Escola Secund\u00e1ria Tom\u00e1s Cabreira&hellip;<\/p>\n","protected":false},"author":2,"featured_media":510,"parent":0,"menu_order":0,"comment_status":"closed","ping_status":"closed","template":"","meta":{"footnotes":""},"class_list":["post-501","page","type-page","status-publish","has-post-thumbnail","hentry"],"_links":{"self":[{"href":"https:\/\/agr-tc.pt\/wp\/index.php?rest_route=\/wp\/v2\/pages\/501","targetHints":{"allow":["GET"]}}],"collection":[{"href":"https:\/\/agr-tc.pt\/wp\/index.php?rest_route=\/wp\/v2\/pages"}],"about":[{"href":"https:\/\/agr-tc.pt\/wp\/index.php?rest_route=\/wp\/v2\/types\/page"}],"author":[{"embeddable":true,"href":"https:\/\/agr-tc.pt\/wp\/index.php?rest_route=\/wp\/v2\/users\/2"}],"replies":[{"embeddable":true,"href":"https:\/\/agr-tc.pt\/wp\/index.php?rest_route=%2Fwp%2Fv2%2Fcomments&post=501"}],"version-history":[{"count":15,"href":"https:\/\/agr-tc.pt\/wp\/index.php?rest_route=\/wp\/v2\/pages\/501\/revisions"}],"predecessor-version":[{"id":3498,"href":"https:\/\/agr-tc.pt\/wp\/index.php?rest_route=\/wp\/v2\/pages\/501\/revisions\/3498"}],"wp:featuredmedia":[{"embeddable":true,"href":"https:\/\/agr-tc.pt\/wp\/index.php?rest_route=\/wp\/v2\/media\/510"}],"wp:attachment":[{"href":"https:\/\/agr-tc.pt\/wp\/index.php?rest_route=%2Fwp%2Fv2%2Fmedia&parent=501"}],"curies":[{"name":"wp","href":"https:\/\/api.w.org\/{rel}","templated":true}]}}