{"id":468,"date":"2021-12-05T14:31:06","date_gmt":"2021-12-05T14:31:06","guid":{"rendered":"https:\/\/agr-tc.pt\/wp\/?page_id=468"},"modified":"2025-07-01T06:46:11","modified_gmt":"2025-07-01T06:46:11","slug":"premios-em-informatica","status":"publish","type":"page","link":"https:\/\/agr-tc.pt\/wp\/?page_id=468","title":{"rendered":"Pr\u00e9mios nacionais e internacionais em Inform\u00e1tica"},"content":{"rendered":"\n<p><\/p>\n\n\n\n<p class=\"has-small-font-size\">Medalha de prata conquistada pelo aluno Rui Wang no Concurso Ibero-Americano de Inform\u00e1tica e Computa\u00e7\u00e3o.<\/p>\n\n\n\n<iframe loading=\"lazy\" src=\"https:\/\/drive.google.com\/file\/d\/14oVE8oHBeuyqfUMqthF3LcXDJPevuhSN\/preview\" width=\"640\" height=\"480\" allow=\"autoplay\"><\/iframe>\n\n\n\n<p class=\"has-text-align-left\">O aluno Rodrigo Dias conquista pr\u00e9mio com a aplica\u00e7\u00e3o Auxilium, na final da competi\u00e7\u00e3o Apps for Good.<\/p>\n\n\n\n<figure class=\"wp-block-image size-large\"><img loading=\"lazy\" decoding=\"async\" width=\"1024\" height=\"1024\" src=\"https:\/\/agr-tc.pt\/wp\/wp-content\/uploads\/2021\/12\/OlimpiadasInformatica-1024x1024.png\" alt=\"\" class=\"wp-image-487\" srcset=\"https:\/\/agr-tc.pt\/wp\/wp-content\/uploads\/2021\/12\/OlimpiadasInformatica-1024x1024.png 1024w, https:\/\/agr-tc.pt\/wp\/wp-content\/uploads\/2021\/12\/OlimpiadasInformatica-300x300.png 300w, https:\/\/agr-tc.pt\/wp\/wp-content\/uploads\/2021\/12\/OlimpiadasInformatica-150x150.png 150w\" sizes=\"auto, (max-width: 1024px) 100vw, 1024px\" \/><figcaption class=\"wp-element-caption\">O aluno Rui Wang, aluno de Aplica\u00e7\u00f5es Inform\u00e1ticas B, classificou-se no 3\u00ba lugar na final das Olimp\u00edadas Nacionais de Inform\u00e1tica.<\/figcaption><\/figure>\n\n\n\n<p><\/p>\n\n\n\n<figure class=\"wp-block-embed is-type-video is-provider-youtube wp-block-embed-youtube wp-embed-aspect-16-9 wp-has-aspect-ratio\"><div class=\"wp-block-embed__wrapper\">\n<iframe loading=\"lazy\" title=\"EcoChallenge_Pitch_ER-AfG2021\" width=\"640\" height=\"360\" src=\"https:\/\/www.youtube.com\/embed\/XQ7fp9n75mo?feature=oembed\" frameborder=\"0\" allow=\"accelerometer; autoplay; clipboard-write; encrypted-media; gyroscope; picture-in-picture; web-share\" referrerpolicy=\"strict-origin-when-cross-origin\" allowfullscreen><\/iframe>\n<\/div><figcaption class=\"wp-element-caption\">As alunas Joana Pato e Lea Farinh\u00f3 garantem, uma vez mais, a presen\u00e7a da nossa escola na final da competi\u00e7\u00e3o Apps for Good, com a aplica\u00e7\u00e3o Eco Challenge.<\/figcaption><\/figure>\n\n\n\n<p><\/p>\n","protected":false},"excerpt":{"rendered":"<p>Medalha de prata conquistada pelo aluno Rui Wang no Concurso Ibero-Americano de Inform\u00e1tica e Computa\u00e7\u00e3o.<br \/>\nO aluno Rodrigo Dias conquista pr\u00e9mio com a aplica\u00e7\u00e3o Auxilium, na final da competi\u00e7\u00e3o Apps for Good.<br \/>\nO aluno Rui Wang, aluno de Aplica\u00e7\u00f5es Inform\u00e1ticas B, classificou-se no 3\u00ba lugar na final das Olimp\u00edadas Nacionais de Inform\u00e1tica 2020.<\/p>\n","protected":false},"author":2,"featured_media":473,"parent":0,"menu_order":0,"comment_status":"closed","ping_status":"closed","template":"","meta":{"footnotes":""},"class_list":["post-468","page","type-page","status-publish","has-post-thumbnail","hentry"],"_links":{"self":[{"href":"https:\/\/agr-tc.pt\/wp\/index.php?rest_route=\/wp\/v2\/pages\/468","targetHints":{"allow":["GET"]}}],"collection":[{"href":"https:\/\/agr-tc.pt\/wp\/index.php?rest_route=\/wp\/v2\/pages"}],"about":[{"href":"https:\/\/agr-tc.pt\/wp\/index.php?rest_route=\/wp\/v2\/types\/page"}],"author":[{"embeddable":true,"href":"https:\/\/agr-tc.pt\/wp\/index.php?rest_route=\/wp\/v2\/users\/2"}],"replies":[{"embeddable":true,"href":"https:\/\/agr-tc.pt\/wp\/index.php?rest_route=%2Fwp%2Fv2%2Fcomments&post=468"}],"version-history":[{"count":21,"href":"https:\/\/agr-tc.pt\/wp\/index.php?rest_route=\/wp\/v2\/pages\/468\/revisions"}],"predecessor-version":[{"id":9518,"href":"https:\/\/agr-tc.pt\/wp\/index.php?rest_route=\/wp\/v2\/pages\/468\/revisions\/9518"}],"wp:featuredmedia":[{"embeddable":true,"href":"https:\/\/agr-tc.pt\/wp\/index.php?rest_route=\/wp\/v2\/media\/473"}],"wp:attachment":[{"href":"https:\/\/agr-tc.pt\/wp\/index.php?rest_route=%2Fwp%2Fv2%2Fmedia&parent=468"}],"curies":[{"name":"wp","href":"https:\/\/api.w.org\/{rel}","templated":true}]}}