{"id":4131,"date":"2023-06-08T22:45:11","date_gmt":"2023-06-08T22:45:11","guid":{"rendered":"https:\/\/agr-tc.pt\/wp\/?page_id=4131"},"modified":"2023-06-09T18:42:19","modified_gmt":"2023-06-09T18:42:19","slug":"1-o-lugar-no-desporto-escolar-are","status":"publish","type":"page","link":"https:\/\/agr-tc.pt\/wp\/?page_id=4131","title":{"rendered":"Pr\u00e9mios no Desporto Escolar"},"content":{"rendered":"\n<section id=\"gm92846b6\" class=\"wp-block-gutentor-m2 section-gm92846b6 gutentor-module gutentor-dynamic-columns\"><div class=\"grid-container\"><div class=\"grid-row\">\n<div id=\"col-gm94e1e7\" class=\"wp-block-gutentor-m2-col col-gm94e1e7 gutentor-module gutentor-dynamic-single-column grid-lg-4 grid-md-4 grid-12\"><div id=\"section-gm94e1e7\" class=\"section-gm94e1e7 gutentor-single-col\">\n<figure class=\"wp-block-image size-large\"><img loading=\"lazy\" decoding=\"async\" width=\"1024\" height=\"1024\" src=\"https:\/\/agr-tc.pt\/wp\/wp-content\/uploads\/2023\/06\/desportoescolar2-1024x1024.jpg\" alt=\"\" class=\"wp-image-4134\" srcset=\"https:\/\/agr-tc.pt\/wp\/wp-content\/uploads\/2023\/06\/desportoescolar2-1024x1024.jpg 1024w, https:\/\/agr-tc.pt\/wp\/wp-content\/uploads\/2023\/06\/desportoescolar2-300x300.jpg 300w, https:\/\/agr-tc.pt\/wp\/wp-content\/uploads\/2023\/06\/desportoescolar2-150x150.jpg 150w, https:\/\/agr-tc.pt\/wp\/wp-content\/uploads\/2023\/06\/desportoescolar2-768x767.jpg 768w, https:\/\/agr-tc.pt\/wp\/wp-content\/uploads\/2023\/06\/desportoescolar2.jpg 1440w\" sizes=\"auto, (max-width: 1024px) 100vw, 1024px\" \/><\/figure>\n<\/div><\/div>\n\n\n\n<div id=\"col-gm95bb88\" class=\"wp-block-gutentor-m2-col col-gm95bb88 gutentor-module gutentor-dynamic-single-column grid-lg-4 grid-md-4 grid-12\"><div id=\"section-gm95bb88\" class=\"section-gm95bb88 gutentor-single-col\">\n<figure class=\"wp-block-image size-large\"><img loading=\"lazy\" decoding=\"async\" width=\"1024\" height=\"1024\" src=\"https:\/\/agr-tc.pt\/wp\/wp-content\/uploads\/2023\/06\/dejm-1-1024x1024.jpg\" alt=\"\" class=\"wp-image-4133\" srcset=\"https:\/\/agr-tc.pt\/wp\/wp-content\/uploads\/2023\/06\/dejm-1-1024x1024.jpg 1024w, https:\/\/agr-tc.pt\/wp\/wp-content\/uploads\/2023\/06\/dejm-1-300x300.jpg 300w, https:\/\/agr-tc.pt\/wp\/wp-content\/uploads\/2023\/06\/dejm-1-150x150.jpg 150w, https:\/\/agr-tc.pt\/wp\/wp-content\/uploads\/2023\/06\/dejm-1-768x768.jpg 768w, https:\/\/agr-tc.pt\/wp\/wp-content\/uploads\/2023\/06\/dejm-1.jpg 1440w\" sizes=\"auto, (max-width: 1024px) 100vw, 1024px\" \/><\/figure>\n<\/div><\/div>\n<\/div><\/div><\/section>\n\n\n\n<p>O Agrupamento celebra mais duas vit\u00f3rias no \u00e2mbito do Desporto Escolar em 2023, e desta vez quem esteve em destaque foram os grupos de equipa de Atividades R\u00edtmicas Expressivas \u2013 Dan\u00e7a que se declararam mais uma vez campe\u00e3s regionais.<\/p>\n\n\n\n<p>Cont\u00e1mos com o 1.\u00ba lugar no n\u00edvel Introdut\u00f3rio\/Elementar da Escola E.B. 2,3 Dr. Joaquim Magalh\u00e3es, e tamb\u00e9m com o 1.\u00ba lugar no n\u00edvel Avan\u00e7ado da Escola Secund\u00e1ria Tom\u00e1s Cabreira.<\/p>\n","protected":false},"excerpt":{"rendered":"<p>O Agrupamento celebra mais duas vit\u00f3rias no \u00e2mbito do Desporto Escolar em 2023, e desta vez quem esteve em destaque foram os grupos de equipa de Atividades R\u00edtmicas Expressivas \u2013 Dan\u00e7a que se declararam mais uma vez campe\u00e3s regionais. Cont\u00e1mos com o 1.\u00ba lugar no n\u00edvel Introdut\u00f3rio\/Elementar da Escola E.B. 2,3 Dr. Joaquim Magalh\u00e3es, e&hellip;<\/p>\n","protected":false},"author":1,"featured_media":4133,"parent":0,"menu_order":0,"comment_status":"closed","ping_status":"closed","template":"","meta":{"footnotes":""},"class_list":["post-4131","page","type-page","status-publish","has-post-thumbnail","hentry"],"_links":{"self":[{"href":"https:\/\/agr-tc.pt\/wp\/index.php?rest_route=\/wp\/v2\/pages\/4131","targetHints":{"allow":["GET"]}}],"collection":[{"href":"https:\/\/agr-tc.pt\/wp\/index.php?rest_route=\/wp\/v2\/pages"}],"about":[{"href":"https:\/\/agr-tc.pt\/wp\/index.php?rest_route=\/wp\/v2\/types\/page"}],"author":[{"embeddable":true,"href":"https:\/\/agr-tc.pt\/wp\/index.php?rest_route=\/wp\/v2\/users\/1"}],"replies":[{"embeddable":true,"href":"https:\/\/agr-tc.pt\/wp\/index.php?rest_route=%2Fwp%2Fv2%2Fcomments&post=4131"}],"version-history":[{"count":4,"href":"https:\/\/agr-tc.pt\/wp\/index.php?rest_route=\/wp\/v2\/pages\/4131\/revisions"}],"predecessor-version":[{"id":6079,"href":"https:\/\/agr-tc.pt\/wp\/index.php?rest_route=\/wp\/v2\/pages\/4131\/revisions\/6079"}],"wp:featuredmedia":[{"embeddable":true,"href":"https:\/\/agr-tc.pt\/wp\/index.php?rest_route=\/wp\/v2\/media\/4133"}],"wp:attachment":[{"href":"https:\/\/agr-tc.pt\/wp\/index.php?rest_route=%2Fwp%2Fv2%2Fmedia&parent=4131"}],"curies":[{"name":"wp","href":"https:\/\/api.w.org\/{rel}","templated":true}]}}