{"id":4057,"date":"2023-06-07T15:49:30","date_gmt":"2023-06-07T15:49:30","guid":{"rendered":"https:\/\/agr-tc.pt\/wp\/?page_id=4057"},"modified":"2024-05-10T03:47:24","modified_gmt":"2024-05-10T03:47:24","slug":"olimpiadas-da-economia-3-o-lugar-e-mencao-honrosa-para-alunos-do-aetc-na-final-nacional","status":"publish","type":"page","link":"https:\/\/agr-tc.pt\/wp\/?page_id=4057","title":{"rendered":"Pr\u00e9mios em Economia"},"content":{"rendered":"\n<p>Os alunos Matilde Viegas e David Li do \u00a0do curso de ci\u00eancias socioecon\u00f3micas, participaram na<a href=\"https:\/\/www.facebook.com\/unedoismundos\/posts\/pfbid0n3n4axKjgwnnx4GhrEHuHdZYLvUbKzQ9GmisGX4g2yejaW51KghtXdjHuoAWh4kwl\" target=\"_blank\" rel=\"noreferrer noopener\"> final das olimp\u00edadas da economia<\/a> que decorreu em 2023, na faculdade de economia da universidade de Coimbra e obtiveram excelentes resultados, a Matilde recebeu uma men\u00e7\u00e3o honrosa e o David ficou em terceiro lugar. Em 2024, o aluno David Li voltou a destacar-se, ficando entre os cinco finalistas premiados.<\/p>\n\n\n\n<figure class=\"wp-block-image size-large\"><img loading=\"lazy\" decoding=\"async\" width=\"1024\" height=\"900\" src=\"https:\/\/agr-tc.pt\/wp\/wp-content\/uploads\/2023\/06\/olimecofinalcoimbra-1024x900.jpg\" alt=\"\" class=\"wp-image-4063\"\/><\/figure>\n\n\n\n<p><a rel=\"noreferrer noopener\" href=\"https:\/\/www.facebook.com\/unedoismundos\/posts\/pfbid0n3n4axKjgwnnx4GhrEHuHdZYLvUbKzQ9GmisGX4g2yejaW51KghtXdjHuoAWh4kwl\" target=\"_blank\">Decorreu no dia 1 de maio a Sess\u00e3o de Encerramento das X Olimp\u00edadas da Economia<\/a>.<\/p>\n\n\n\n<p>O culminar da maior edi\u00e7\u00e3o de sempre das Olimp\u00edadas da Economia contou a presen\u00e7a do Baston\u00e1rio da Ordem dos Economistas , Ant\u00f3nio Mendon\u00e7a, do Presidente do Munic\u00edpio de Coimbra , Jos\u00e9 Manuel Silva e do Subdiretor da FEUC \u2013 Faculdade de Economia da Universidade de Coimbra, Hermes Costa.<\/p>\n\n\n\n<p>O grande Vencedor das X Olimp\u00edadas da Economia foi o aluno Dinis Pereira do Col\u00e9gio Manuel Bernardes. Em 2\u00ba Lugar ficou o aluno Guilherme Carvalho (Escola Secund\u00e1ria de Penafiel) e em 3\u00ba Lugar o aluno David Li (Escola Secund\u00e1ria Tom\u00e1s Cabreira em Faro). Foram atribu\u00eddas duas Men\u00e7\u00f5es Honrosas \u00e0s alunas In\u00eas Oliveira (Col\u00e9gio do Castanheiro) e Matilde Viegas (Escola Secundaria Tomas Cabreira).<\/p>\n\n\n\n<p>Parab\u00e9ns aos 71 finalistas que se destacaram entre os 2663 participantes da edi\u00e7\u00e3o.\u201d)<\/p>\n","protected":false},"excerpt":{"rendered":"<p>Os alunos Matilde Viegas e David Li do \u00a0do curso de ci\u00eancias socioecon\u00f3micas, participaram na final das olimp\u00edadas da economia que decorreu em 2023, na faculdade de economia da universidade de Coimbra e obtiveram excelentes resultados, a Matilde recebeu uma men\u00e7\u00e3o honrosa e o David ficou em terceiro lugar. Em 2024, o aluno David Li&hellip;<\/p>\n","protected":false},"author":1,"featured_media":4063,"parent":0,"menu_order":0,"comment_status":"closed","ping_status":"closed","template":"","meta":{"footnotes":""},"class_list":["post-4057","page","type-page","status-publish","has-post-thumbnail","hentry"],"_links":{"self":[{"href":"https:\/\/agr-tc.pt\/wp\/index.php?rest_route=\/wp\/v2\/pages\/4057","targetHints":{"allow":["GET"]}}],"collection":[{"href":"https:\/\/agr-tc.pt\/wp\/index.php?rest_route=\/wp\/v2\/pages"}],"about":[{"href":"https:\/\/agr-tc.pt\/wp\/index.php?rest_route=\/wp\/v2\/types\/page"}],"author":[{"embeddable":true,"href":"https:\/\/agr-tc.pt\/wp\/index.php?rest_route=\/wp\/v2\/users\/1"}],"replies":[{"embeddable":true,"href":"https:\/\/agr-tc.pt\/wp\/index.php?rest_route=%2Fwp%2Fv2%2Fcomments&post=4057"}],"version-history":[{"count":6,"href":"https:\/\/agr-tc.pt\/wp\/index.php?rest_route=\/wp\/v2\/pages\/4057\/revisions"}],"predecessor-version":[{"id":6081,"href":"https:\/\/agr-tc.pt\/wp\/index.php?rest_route=\/wp\/v2\/pages\/4057\/revisions\/6081"}],"wp:featuredmedia":[{"embeddable":true,"href":"https:\/\/agr-tc.pt\/wp\/index.php?rest_route=\/wp\/v2\/media\/4063"}],"wp:attachment":[{"href":"https:\/\/agr-tc.pt\/wp\/index.php?rest_route=%2Fwp%2Fv2%2Fmedia&parent=4057"}],"curies":[{"name":"wp","href":"https:\/\/api.w.org\/{rel}","templated":true}]}}