{"id":3350,"date":"2023-03-28T00:40:37","date_gmt":"2023-03-28T00:40:37","guid":{"rendered":"https:\/\/agr-tc.pt\/wp\/?page_id=3350"},"modified":"2023-04-17T00:55:37","modified_gmt":"2023-04-17T00:55:37","slug":"exames-2023","status":"publish","type":"page","link":"https:\/\/agr-tc.pt\/wp\/?page_id=3350","title":{"rendered":"Exames 2023"},"content":{"rendered":"\n<p>Divulgamos os seguintes documentos relativos ao processo de candidatura \u00e0 matr\u00edcula e inscri\u00e7\u00e3o no ensino superior no ano letivo de 2023-2024:<\/p>\n\n\n\n<ul class=\"wp-block-list\">\n<li><a rel=\"noreferrer noopener\" href=\"https:\/\/area.dge.mec.pt\/jnedoc\/doc\/489.PDF\" target=\"_blank\">Calculadoras<\/a> &#8211; Utiliza\u00e7\u00e3o de Calculadoras no Ensino B\u00e1sico e no Ensino Secund\u00e1rio: Prova Final de Ciclo de Matem\u00e1tica \u2013 9.\u00ba ano; Exames Finais Nacionais de Economia A, de F\u00edsica e Qu\u00edmica A, de Matem\u00e1tica A, de Matem\u00e1tica B e de Matem\u00e1tica Aplicada \u00e0s Ci\u00eancias Sociais, em 2022-2023;<\/li>\n<\/ul>\n\n\n\n<ul class=\"wp-block-list\">\n<li><a rel=\"noreferrer noopener\" href=\"https:\/\/agr-tc.pt\/wp\/?p=3463\" target=\"_blank\">Calculadoras &#8211; Lista exemplificativa<\/a>, n\u00e3o exaustiva, de m\u00e1quinas de calcular pass\u00edveis de serem utilizadas nos exames finais nacionais de F\u00edsica e Qu\u00edmica A, de Matem\u00e1tica A, de Matem\u00e1tica B e de Matem\u00e1tica Aplicada \u00e0s Ci\u00eancias Sociais \u2013 2022\/2023;<\/li>\n<\/ul>\n\n\n\n<ul class=\"wp-block-list\">\n<li><a rel=\"noreferrer noopener\" href=\"https:\/\/iave.pt\/provas-e-exames\/calendario\/\" target=\"_blank\">Calend\u00e1rio de Provas e Exames<\/a> &#8211; liga\u00e7\u00e3o ao site do IAVE na p\u00e1gina das datas das provas e exames;<\/li>\n<\/ul>\n\n\n\n<ul class=\"wp-block-list\">\n<li><a rel=\"noreferrer noopener\" href=\"https:\/\/agr-tc.pt\/wp\/?p=3449\" data-type=\"URL\" data-id=\"https:\/\/agr-tc.pt\/wp\/?p=3449\" target=\"_blank\">Guia para aplica\u00e7\u00e3o de adapta\u00e7\u00f5es<\/a> na realiza\u00e7\u00e3o de provas e exames JNE\/2023;<\/li>\n<\/ul>\n\n\n\n<ul class=\"wp-block-list\">\n<li><a rel=\"noreferrer noopener\" href=\"https:\/\/agr-tc.pt\/wp\/?p=3454\" target=\"_blank\">Inscri\u00e7\u00f5es online<\/a> &#8211; Aviso &#8211; Plataforma PIEPE;<\/li>\n<\/ul>\n\n\n\n<ul class=\"wp-block-list\">\n<li><a rel=\"noreferrer noopener\" href=\"https:\/\/agr-tc.pt\/wp\/?p=3444\" target=\"_blank\">Norma 01\/JNE\/2023<\/a> &#8211; Norma 01\/JNE\/2023 &#8211; Instru\u00e7\u00f5es para a realiza\u00e7\u00e3o de Provas e Exames do Ensino B\u00e1sico e do Ensino Secund\u00e1rio (j\u00e1 com a atualiza\u00e7\u00e3o da p\u00e1g. 12);<\/li>\n<\/ul>\n\n\n\n<ul class=\"wp-block-list\">\n<li><a href=\"https:\/\/agr-tc.pt\/wp\/?p=3523\" target=\"_blank\" rel=\"noreferrer noopener\">Manual de Instru\u00e7\u00f5es PIEPE<\/a>;<\/li>\n<\/ul>\n\n\n\n<ul class=\"wp-block-list\">\n<li><a rel=\"noreferrer noopener\" href=\"https:\/\/agr-tc.pt\/wp\/?p=3460\" target=\"_blank\">Medidas excecionais e tempor\u00e1rias<\/a> &#8211; Decreto-Lei n.\u00ba 22\/2023 de 3 de abril, que estabelece, para o ano letivo de 2022-2023, medidas excecionais e tempor\u00e1rias relativamente \u00e0 avalia\u00e7\u00e3o, aprova\u00e7\u00e3o de disciplinas, conclus\u00e3o dos cursos cient\u00edfico-human\u00edsticos do ensino secund\u00e1rio e acesso ao ensino superior;<\/li>\n<\/ul>\n\n\n\n<ul class=\"wp-block-list\">\n<li><a rel=\"noreferrer noopener\" href=\"https:\/\/agr-tc.pt\/wp\/?p=3457\" target=\"_blank\">Prazos de inscri\u00e7\u00e3o<\/a> &#8211; Aviso para o Ensino Secund\u00e1rio;<\/li>\n<\/ul>\n\n\n\n<ul class=\"wp-block-list\">\n<li><a rel=\"noreferrer noopener\" href=\"https:\/\/files.dre.pt\/2s\/2023\/03\/060000000\/0012600167.pdf\" target=\"_blank\">Pr\u00e9-requisitos<\/a> &#8211; Delibera\u00e7\u00e3o n.\u00ba 338\/2023, de 24 de mar\u00e7o, que fixa os pr\u00e9-requisitos exigidos para a candidatura \u00e0 matr\u00edcula e inscri\u00e7\u00e3o no ensino superior no ano letivo de 2023-2024;<\/li>\n<\/ul>\n\n\n\n<ul class=\"wp-block-list\">\n<li><a rel=\"noreferrer noopener\" href=\"https:\/\/agr-tc.pt\/wp\/?p=3431\" target=\"_blank\">Regulamento de Provas 2023<\/a> &#8211; Despacho Normativo n.\u00ba 4-B\/2023, de 3 de abril, que altera o Regulamento do J\u00fari Nacional de Exames e aprova o Regulamento das Provas de Avalia\u00e7\u00e3o Externa e das Provas de Equival\u00eancia \u00e0 Frequ\u00eancia dos Ensinos B\u00e1sico e Secund\u00e1rio para o ano letivo de 2022-2023.<br><\/li>\n<\/ul>\n","protected":false},"excerpt":{"rendered":"<p>Divulgamos os seguintes documentos relativos ao processo de candidatura \u00e0 matr\u00edcula e inscri\u00e7\u00e3o no ensino superior no ano letivo de 2023-2024:<\/p>\n","protected":false},"author":4,"featured_media":0,"parent":0,"menu_order":0,"comment_status":"closed","ping_status":"closed","template":"","meta":{"footnotes":""},"class_list":["post-3350","page","type-page","status-publish","hentry"],"_links":{"self":[{"href":"https:\/\/agr-tc.pt\/wp\/index.php?rest_route=\/wp\/v2\/pages\/3350","targetHints":{"allow":["GET"]}}],"collection":[{"href":"https:\/\/agr-tc.pt\/wp\/index.php?rest_route=\/wp\/v2\/pages"}],"about":[{"href":"https:\/\/agr-tc.pt\/wp\/index.php?rest_route=\/wp\/v2\/types\/page"}],"author":[{"embeddable":true,"href":"https:\/\/agr-tc.pt\/wp\/index.php?rest_route=\/wp\/v2\/users\/4"}],"replies":[{"embeddable":true,"href":"https:\/\/agr-tc.pt\/wp\/index.php?rest_route=%2Fwp%2Fv2%2Fcomments&post=3350"}],"version-history":[{"count":8,"href":"https:\/\/agr-tc.pt\/wp\/index.php?rest_route=\/wp\/v2\/pages\/3350\/revisions"}],"predecessor-version":[{"id":3532,"href":"https:\/\/agr-tc.pt\/wp\/index.php?rest_route=\/wp\/v2\/pages\/3350\/revisions\/3532"}],"wp:attachment":[{"href":"https:\/\/agr-tc.pt\/wp\/index.php?rest_route=%2Fwp%2Fv2%2Fmedia&parent=3350"}],"curies":[{"name":"wp","href":"https:\/\/api.w.org\/{rel}","templated":true}]}}