{"id":2512,"date":"2023-01-09T00:12:07","date_gmt":"2023-01-09T00:12:07","guid":{"rendered":"https:\/\/agr-tc.pt\/wp\/?page_id=2512"},"modified":"2023-01-09T02:57:23","modified_gmt":"2023-01-09T02:57:23","slug":"a-nossa-existencia-e-importante-existe-existencias-mais-importantes-do-que-outras-o-que-e-importante","status":"publish","type":"page","link":"https:\/\/agr-tc.pt\/wp\/?page_id=2512","title":{"rendered":"A nossa exist\u00eancia \u00e9 importante?"},"content":{"rendered":"\n<p><strong>A nossa exist\u00eancia \u00e9 importante? Existe \u201cexist\u00eancias\u201d mais importantes do que outras? O que \u00e9 importante?<\/strong><\/p>\n\n\n\n<p>Penso que toda a gente j\u00e1 se questionou se a sua exist\u00eancia, a sua viv\u00eancia e o seu tempo gasto nesta vida t\u00eam alguma import\u00e2ncia, sendo que estes s\u00e3o tempor\u00e1rios, n\u00f3s somos tempor\u00e1rios, o universo \u00e9 t\u00e3o vasto e n\u00f3s somos \u00ednfimos seres. Sendo assim, a nossa vida tem algum valor? E o que tem import\u00e2ncia? Considero que n\u00f3s temos valor porque acredito que tem de existir alguma raz\u00e3o para existirmos e n\u00e3o consigo encontrar sentido na possibilidade de que todos nascemos apenas para morrer eventualmente. Tudo tem import\u00e2ncia: n\u00f3s, as nossas a\u00e7\u00f5es, os pequenos acontecimentos e todas as \u201cexist\u00eancias\u201d dos grandes planetas ao mais \u00ednfimo \u00e1tomo. Acredito que n\u00e3o h\u00e1 nada que tenha \u201cmais valor\u201d que outra coisa e n\u00e3o acho que a import\u00e2ncia de algo seja compar\u00e1vel porque s\u00e3o o conjunto de todas as pequenas coisas que criam o nosso universo.<\/p>\n\n\n\n<p>No dia a dia, vejo muita gente a dizer que por sermos seres min\u00fasculos e por o destino de todos n\u00f3s ser o mesmo, que n\u00f3s n\u00e3o temos import\u00e2ncia, logo que as nossas a\u00e7\u00f5es tamb\u00e9m n\u00e3o a t\u00eam. Muitas vezes estas pessoas usam esse argumento como desculpa para n\u00e3o tomar consci\u00eancia do que fazem. Claro que \u00e9 da responsabilidade de cada um decidir o que faz mas penso que o tomar a\u00e7\u00f5es impactantes nos outros sem tomar consci\u00eancia disso e usar esta desculpa para o fazer, \u00e9 um ato de irresponsabilidade. Por exemplo, vejo muita gente adulta a n\u00e3o dar import\u00e2ncia ao aquecimento global por prever j\u00e1 n\u00e3o estar vivo quando esta vier a demonstrar os seus severos efeitos na sociedade e na classe social em que esta pessoa se engloba. Este \u00e9 um exemplo de pessoas sem consci\u00eancia da import\u00e2ncia dela pr\u00f3pria e das suas a\u00e7\u00f5es.<\/p>\n\n\n\n<p>Em conclus\u00e3o, acredito que n\u00e3o \u00e9 por sermos seres relativamente pequenos e termos uma estadia tempor\u00e1ria no nosso universo que n\u00e3o temos import\u00e2ncia, porque realmente temos. Temos uma sufocante e esmagadora import\u00e2ncia e n\u00e3o devemos usar o argumento de todos eventualmente morrermos para fazer o que quisermos, porque isso \u00e9 simplesmente falta de consci\u00eancia. Tamb\u00e9m acho que n\u00e3o existe algo como \u201cmais importante que\u2026\u201d porque este n\u00e3o \u00e9 algo compar\u00e1vel, porque todos somos importantes e somos como as gotinhas que todas juntas criam o grande oceano em que vivemos.<\/p>\n\n\n\n<p>Texto de Lia Lapa, 10\u00ba 6\u00aa<\/p>\n\n\n<div class=\"wp-block-image\">\n<figure class=\"aligncenter size-full\"><img loading=\"lazy\" decoding=\"async\" width=\"2400\" height=\"1513\" src=\"https:\/\/agr-tc.pt\/wp\/wp-content\/uploads\/2023\/01\/lialapa-hp-1.jpg\" alt=\"\" class=\"wp-image-2515\" srcset=\"https:\/\/agr-tc.pt\/wp\/wp-content\/uploads\/2023\/01\/lialapa-hp-1.jpg 2400w, https:\/\/agr-tc.pt\/wp\/wp-content\/uploads\/2023\/01\/lialapa-hp-1-768x484.jpg 768w, https:\/\/agr-tc.pt\/wp\/wp-content\/uploads\/2023\/01\/lialapa-hp-1-1536x968.jpg 1536w, https:\/\/agr-tc.pt\/wp\/wp-content\/uploads\/2023\/01\/lialapa-hp-1-2048x1291.jpg 2048w\" sizes=\"auto, (max-width: 2400px) 100vw, 2400px\" \/><\/figure>\n<\/div>","protected":false},"excerpt":{"rendered":"<p>A nossa exist\u00eancia \u00e9 importante? Existe \u201cexist\u00eancias\u201d mais importantes do que outras? O que \u00e9 importante? Penso que toda a gente j\u00e1 se questionou se a sua exist\u00eancia, a sua viv\u00eancia e o seu tempo gasto nesta vida t\u00eam alguma import\u00e2ncia, sendo que estes s\u00e3o tempor\u00e1rios, n\u00f3s somos tempor\u00e1rios, o universo \u00e9 t\u00e3o vasto e&hellip;<\/p>\n","protected":false},"author":4,"featured_media":2516,"parent":0,"menu_order":0,"comment_status":"closed","ping_status":"closed","template":"","meta":{"footnotes":""},"class_list":["post-2512","page","type-page","status-publish","has-post-thumbnail","hentry"],"_links":{"self":[{"href":"https:\/\/agr-tc.pt\/wp\/index.php?rest_route=\/wp\/v2\/pages\/2512","targetHints":{"allow":["GET"]}}],"collection":[{"href":"https:\/\/agr-tc.pt\/wp\/index.php?rest_route=\/wp\/v2\/pages"}],"about":[{"href":"https:\/\/agr-tc.pt\/wp\/index.php?rest_route=\/wp\/v2\/types\/page"}],"author":[{"embeddable":true,"href":"https:\/\/agr-tc.pt\/wp\/index.php?rest_route=\/wp\/v2\/users\/4"}],"replies":[{"embeddable":true,"href":"https:\/\/agr-tc.pt\/wp\/index.php?rest_route=%2Fwp%2Fv2%2Fcomments&post=2512"}],"version-history":[{"count":2,"href":"https:\/\/agr-tc.pt\/wp\/index.php?rest_route=\/wp\/v2\/pages\/2512\/revisions"}],"predecessor-version":[{"id":2518,"href":"https:\/\/agr-tc.pt\/wp\/index.php?rest_route=\/wp\/v2\/pages\/2512\/revisions\/2518"}],"wp:featuredmedia":[{"embeddable":true,"href":"https:\/\/agr-tc.pt\/wp\/index.php?rest_route=\/wp\/v2\/media\/2516"}],"wp:attachment":[{"href":"https:\/\/agr-tc.pt\/wp\/index.php?rest_route=%2Fwp%2Fv2%2Fmedia&parent=2512"}],"curies":[{"name":"wp","href":"https:\/\/api.w.org\/{rel}","templated":true}]}}