{"id":2505,"date":"2023-01-09T00:11:00","date_gmt":"2023-01-09T00:11:00","guid":{"rendered":"https:\/\/agr-tc.pt\/wp\/?page_id=2505"},"modified":"2023-01-09T02:57:09","modified_gmt":"2023-01-09T02:57:09","slug":"existe-dualidade-entre-a-biblia-e-a-ciencia","status":"publish","type":"page","link":"https:\/\/agr-tc.pt\/wp\/?page_id=2505","title":{"rendered":"Existe dualidade entre a B\u00edblia e a Ci\u00eancia?"},"content":{"rendered":"\n<p>A dualidade \u00e9 um conceito que admite a coexist\u00eancia de dois princ\u00edpios eternos e necess\u00e1rios. Desde sempre houve conflitos entre a B\u00edblia e a Ci\u00eancia, mas a opini\u00e3o de que a ci\u00eancia e a religi\u00e3o devem permanecer em lados opostos \u00e9 errada. Mas porqu\u00ea? Por que ainda h\u00e1 uma ideia de dicotomia? Essa \u201coposi\u00e7\u00e3o\u201d s\u00f3 \u00e9 vista com um n\u00edvel de conhecimento baixo tanto cient\u00edfico como b\u00edblico, ou seja, estes conflitos s\u00e3o gerados pela falta de conhecimento cientifico de um lado e do conhecimento defeituoso da B\u00edblia do outro, pois \u201cA ci\u00eancia \u00e9 a \u00fanica forma de conhecer Deus- e por essa a raz\u00e3o a B\u00edblia come\u00e7ar com a descri\u00e7\u00e3o da cria\u00e7\u00e3o\u201d.<\/p>\n\n\n\n<p>Estudando o \u00e2mago do Universo, podemos chegar a conclus\u00f5es muito diferentes tendo em conta o seu objetivo. \u00c9 tudo uma quest\u00e3o de perspetiva. Se acreditarmos que o Universo \u00e9 o resultado da gravidade e da f\u00edsica nuclear, ent\u00e3o essa \u00e9 a forma de o encontrar. Ou ent\u00e3o podemos v\u00ea-lo como Divino. Desde Arist\u00f3teles, h\u00e1 2300 anos, a teoria cient\u00edfica indicava que o Universo era eterno, mas durante 3300 anos desde a revela\u00e7\u00e3o no Monte Sinai, a B\u00edblia nega-o, afirmando resolutamente que existia um princ\u00edpio para o nosso Universo. Apenas nos \u00faltimos trinta anos \u00e9 que a ci\u00eancia solucionou a quest\u00e3o. Baseada em informa\u00e7\u00f5es dos telesc\u00f3pios e aceleradores de part\u00edculas, o G\u00eanesis 1:1 com 3300 anos estava certo desde o in\u00edcio. Existira um princ\u00edpio.<\/p>\n\n\n\n<p>Pode surpreender alguns que a convic\u00e7\u00e3o na cria\u00e7\u00e3o n\u00e3o implique a convic\u00e7\u00e3o num Criador. As leis da natureza permitem a cria\u00e7\u00e3o do Universo sem haver necessidade de um criador. A \u201cincerteza qu\u00e2ntica\u201d, um aspeto da f\u00edsica conhecido como mec\u00e2nica qu\u00e2ntica, permite que a pequena, mas finita possibilidade de algo aparecer do nada, atrav\u00e9s daquilo que \u00e9 conhecido por oscila\u00e7\u00e3o qu\u00e2ntica. Uma vez que a mec\u00e2nica qu\u00e2ntica possui um registo de sessenta anos de previs\u00f5es e explica\u00e7\u00f5es de fen\u00f3menos observados, esta teoria de uma oscila\u00e7\u00e3o qu\u00e2ntica\/Big Bang pode estar correta. No entanto, existem falhas neste conceito. Primeiro, as oscila\u00e7\u00f5es qu\u00e2nticas s\u00e3o fen\u00f3menos relacionados com leis da natureza do Universo. O princ\u00edpio do nosso Universo marca o princ\u00edpio do tempo, do espa\u00e7o e mat\u00e9ria, e tamb\u00e9m das leis da natureza. Se isto for verdade, antes da exist\u00eancia do Universo n\u00e3o havia natureza e, portanto, n\u00e3o existiam leis de mec\u00e2nica qu\u00e2ntica para gerar a necess\u00e1ria oscila\u00e7\u00e3o qu\u00e2ntica. Isso faria supor a exist\u00eancia de leis para um Universo que n\u00e3o existe, mas se aceitarmos que as leis s\u00e3o eternas, chegamos \u00e0s respostas B\u00edblicas.<\/p>\n\n\n\n<p>A coexist\u00eancia destes dois princ\u00edpios&nbsp; observa-se tamb\u00e9m nas pessoas, atrav\u00e9s de um estudo viu-se que 70% das pessoas dos pa\u00edses ocidentais acredita numa forma de evolu\u00e7\u00e3o (algo que a ci\u00eancia defende) e num Criador divino (algo que a b\u00edblia nos apresenta), e ainda outro exemplo dessa dualidade&nbsp; as origens da ci\u00eancia moderna baseiam-se nas obras de grandes pensadores como Cop\u00e9rnio, Kepler, Newton que para al\u00e9m de serem c\u00e9ticos da ci\u00eancia tamb\u00e9m eram crentes devotos.<\/p>\n\n\n\n<p>E ent\u00e3o para concluir, tanto a Ci\u00eancia como a B\u00edblia apresentam falhas nos seus conceitos, mas ao contr\u00e1rio da B\u00edblia, a Ci\u00eancia tem as suas limita\u00e7\u00f5es e at\u00e9 os c\u00e9ticos t\u00eam de entender isso. Ela nunca poder\u00e1 descobrir, por exemplo o objetivo da vida, o \u201cporqu\u00ea\u201d que tantos real\u00e7am e tentam descobrir, por isso \u00e9 correto relegar \u00e1 B\u00edblia o que lhe pertence: a procura do objetivo. Usando o conhecimento l\u00f3gico e cient\u00edfico e as antigas interpreta\u00e7\u00f5es da B\u00edblia, eu analiso uma dualidade e n\u00e3o uma dicotomia, entre a b\u00edblia e a ci\u00eancia.<\/p>\n\n\n\n<p>Laura Amado, 10\u00ba 6\u00aa ano<\/p>\n\n\n<div class=\"wp-block-image\">\n<figure class=\"aligncenter size-full\"><img loading=\"lazy\" decoding=\"async\" width=\"1200\" height=\"708\" src=\"https:\/\/agr-tc.pt\/wp\/wp-content\/uploads\/2023\/01\/filo2.png\" alt=\"\" class=\"wp-image-2508\" srcset=\"https:\/\/agr-tc.pt\/wp\/wp-content\/uploads\/2023\/01\/filo2.png 1200w, https:\/\/agr-tc.pt\/wp\/wp-content\/uploads\/2023\/01\/filo2-768x453.png 768w\" sizes=\"auto, (max-width: 1200px) 100vw, 1200px\" \/><\/figure>\n<\/div>","protected":false},"excerpt":{"rendered":"<p>A dualidade \u00e9 um conceito que admite a coexist\u00eancia de dois princ\u00edpios eternos e necess\u00e1rios. Desde sempre houve conflitos entre a B\u00edblia e a Ci\u00eancia, mas a opini\u00e3o de que a ci\u00eancia e a religi\u00e3o devem permanecer em lados opostos \u00e9 errada. Mas porqu\u00ea? Por que ainda h\u00e1 uma ideia de dicotomia? Essa \u201coposi\u00e7\u00e3o\u201d s\u00f3&hellip;<\/p>\n","protected":false},"author":4,"featured_media":2507,"parent":0,"menu_order":0,"comment_status":"closed","ping_status":"closed","template":"","meta":{"footnotes":""},"class_list":["post-2505","page","type-page","status-publish","has-post-thumbnail","hentry"],"_links":{"self":[{"href":"https:\/\/agr-tc.pt\/wp\/index.php?rest_route=\/wp\/v2\/pages\/2505","targetHints":{"allow":["GET"]}}],"collection":[{"href":"https:\/\/agr-tc.pt\/wp\/index.php?rest_route=\/wp\/v2\/pages"}],"about":[{"href":"https:\/\/agr-tc.pt\/wp\/index.php?rest_route=\/wp\/v2\/types\/page"}],"author":[{"embeddable":true,"href":"https:\/\/agr-tc.pt\/wp\/index.php?rest_route=\/wp\/v2\/users\/4"}],"replies":[{"embeddable":true,"href":"https:\/\/agr-tc.pt\/wp\/index.php?rest_route=%2Fwp%2Fv2%2Fcomments&post=2505"}],"version-history":[{"count":2,"href":"https:\/\/agr-tc.pt\/wp\/index.php?rest_route=\/wp\/v2\/pages\/2505\/revisions"}],"predecessor-version":[{"id":2511,"href":"https:\/\/agr-tc.pt\/wp\/index.php?rest_route=\/wp\/v2\/pages\/2505\/revisions\/2511"}],"wp:featuredmedia":[{"embeddable":true,"href":"https:\/\/agr-tc.pt\/wp\/index.php?rest_route=\/wp\/v2\/media\/2507"}],"wp:attachment":[{"href":"https:\/\/agr-tc.pt\/wp\/index.php?rest_route=%2Fwp%2Fv2%2Fmedia&parent=2505"}],"curies":[{"name":"wp","href":"https:\/\/api.w.org\/{rel}","templated":true}]}}