{"id":2136,"date":"2022-11-11T12:59:56","date_gmt":"2022-11-11T12:59:56","guid":{"rendered":"https:\/\/agr-tc.pt\/wp\/?page_id=2136"},"modified":"2022-11-23T02:16:01","modified_gmt":"2022-11-23T02:16:01","slug":"poema-7-colecao-um-poema-so-porque-sim","status":"publish","type":"page","link":"https:\/\/agr-tc.pt\/wp\/?page_id=2136","title":{"rendered":"Poema 7"},"content":{"rendered":"\n<p><strong>Poema de Eduardo Aleixo, 12.\u00ba ano<br>Ilustra\u00e7\u00e3o de Lia Barreiros, 10.\u00ba ano<\/strong><\/p>\n\n\n\n<p>Sou um fantasma de mim mesmo<br>E do que em mim poderia ser<br>Um fantasma de tudo o que me rodeia<br>E a que muitos chamam realidade<br>De todas as coisas que s\u00e3o, passam<br>E deixam de ser<br>De tudo o que \u00e9<br>E ent\u00e3o se transforma<br>Um fantasma de tudo o que se mexe e sente<br>Que respira, vive<br>E no ch\u00e3o tem o seu \u00faltimo momento<br>Tamb\u00e9m sou fantasma do que n\u00e3o \u00e9<br>Principalmente do que nunca chega a ser<br>Fantasma daquilo que t\u00e3o desesperadamente desejamos e que na verdade jamais encontramos<br>Fantasma de sonhos, imagina\u00e7\u00f5es<br>De tudo o que se ambiciona e de todas as inten\u00e7\u00f5es<br>Sou tamb\u00e9m o \u00fanico que compreende<br>Que n\u00e3o passam eles todos de um cheio de ilus\u00f5es<br>Como se para o que vive<br>O que mais precisasse fossem raz\u00f5es<br>Sou um fantasma do dinamismo a que chamam vida<br>Mas sou fantasma tamb\u00e9m do que nela termina<br>Ah! Mas que rid\u00edculo mundo de rela\u00e7\u00f5es<br>Onde n\u00e3o existe um sem que haja o outro<br>A abomin\u00e1vel depend\u00eancia de conceitos<br>Onde o mal \u00e9 a falta de bem<br>E o bem um contemplado ideal<br>Sou um fantasma de tudo o que existe<br>E todo ele \u00e9 inevitavelmente e incompreensivelmente<br>Rid\u00edculo<br>Rid\u00edculos todos esses que procuram viver<br>Como se a vida fosse mais do que \u00e9<br>Esses de uma incans\u00e1vel sede e fome<br>Esses que querem beber e comer<br>Tudo o que a vida tem a oferecer<br>Como se trouxessem mais que um est\u00f4mago ou mais do que dois rins<br>Mas, preocupa-me mais ainda<br>Todos aqueles que amam<br>E que o fazem sem cora\u00e7\u00e3o<br>Mas siga-se o caminho! V\u00e3o!<br>Desfrutem de tudo o que vos venha \u00e0 m\u00e3o<br>Bebam! Comam! Levem tanto quanto vos for poss\u00edvel<br>E n\u00e3o se esque\u00e7am de humildemente destro\u00e7ar<br>Tudo e todos em que tocam<br>Porque vos foi ent\u00e3o entregue um cora\u00e7\u00e3o<br>Somente para que vos seja permitido sofrer e sangrar da dor que em v\u00f3s se provoca<br>O que voc\u00eas t\u00eam s\u00e3o duas m\u00e3os, como se uma n\u00e3o bastasse para esmurrar o que desprezam<br>E os olhos! Foram-vos dados dois e v\u00eam menos que um cego<br>N\u00e3o s\u00f3 cegos da vis\u00e3o<br>Mudos do cora\u00e7\u00e3o<br>Como o s\u00e3o da alma<br>E de em tudo o que v\u00f3s h\u00e1<br>Talvez o problema seja o c\u00e9rebro<br>Que \u00e9 do vosso c\u00e9rebro para vos p\u00f4r a pensar?<br>Ter\u00e3o talvez medo de o usar?<br>Sou um fantasma de toda esta canseira<br>De toda esta imut\u00e1vel sujeira<br>Se ao menos n\u00e3o se poupassem apenas a v\u00f3s pr\u00f3prios, mas como tamb\u00e9m n\u00e3o o fazem aos outros<br>Como um fungo que se alastra e que tudo consome<br>Como o p\u00f3 que no velho quarto se acumula e apesar de ser limpo sempre retorna<br>Como a ilus\u00e3o de que no final de cada noite, surge um novo dia<br>S\u00e3o como animais enjaulados na sua ignor\u00e2ncia e incapazes da percep\u00e7\u00e3o daquilo que vos cativa<br>Sou um fantasma da podrid\u00e3o<br>E tudo o que \u00e9 podre padece<br>Mas assim o \u00e9 com tudo<br>Quantas coisas lindas<br>Quantos atos puros e genu\u00ednos<br>Quantos rostos elegantes e de bondade<br>Quantos momentos universalmente grandiosos<br>Mas que sabemos n\u00f3s do Universo?<br>Que sabemos n\u00f3s do assombrosamente incontrol\u00e1vel?<br>Quando tudo o que sabem \u00e9 agir como plateia perante a futilidade das coisas<br>Sou um fantasma de v\u00f3s<br>De tudo o que observam e acreditam<br>De tudo o que inventam e expiram<br>De tudo o que criam e t\u00e3o irrelevantemente arru\u00ednam<br>Que h\u00e1 de humano em v\u00f3s sen\u00e3o a vossa monstruosidade?<br>E que haver\u00e1 de humano em mim<br>Se o que em mim existe, n\u00e3o passa de um fantasma<\/p>\n\n\n\n<p>Eduardo Aleixo,12.\u00ba ano, 11\/11\/2022<\/p>\n\n\n\n<p>Mais um poema, o n.\u00ba 7, da \u201ccole\u00e7\u00e3o\u201d<br>Um poema s\u00f3 porque sim\u201d.<br>E aceitamos mais: biblioteca@agr-tc.pt<\/p>\n\n\n<div class=\"wp-block-image\">\n<figure class=\"aligncenter size-large\"><img loading=\"lazy\" decoding=\"async\" width=\"1024\" height=\"1024\" src=\"https:\/\/agr-tc.pt\/wp\/wp-content\/uploads\/2022\/11\/poemailustrado2-fantasmas-1-1024x1024.png\" alt=\"\" class=\"wp-image-2234\" srcset=\"https:\/\/agr-tc.pt\/wp\/wp-content\/uploads\/2022\/11\/poemailustrado2-fantasmas-1-1024x1024.png 1024w, https:\/\/agr-tc.pt\/wp\/wp-content\/uploads\/2022\/11\/poemailustrado2-fantasmas-1-300x300.png 300w, https:\/\/agr-tc.pt\/wp\/wp-content\/uploads\/2022\/11\/poemailustrado2-fantasmas-1-150x150.png 150w\" sizes=\"auto, (max-width: 1024px) 100vw, 1024px\" \/><\/figure>\n<\/div>\n\n\n<figure class=\"wp-block-image size-full\"><img loading=\"lazy\" decoding=\"async\" width=\"729\" height=\"729\" src=\"https:\/\/agr-tc.pt\/wp\/wp-content\/uploads\/2022\/11\/poema7ainsta.png\" alt=\"\" class=\"wp-image-2137\" srcset=\"https:\/\/agr-tc.pt\/wp\/wp-content\/uploads\/2022\/11\/poema7ainsta.png 729w, https:\/\/agr-tc.pt\/wp\/wp-content\/uploads\/2022\/11\/poema7ainsta-300x300.png 300w, https:\/\/agr-tc.pt\/wp\/wp-content\/uploads\/2022\/11\/poema7ainsta-150x150.png 150w\" sizes=\"auto, (max-width: 729px) 100vw, 729px\" \/><figcaption class=\"wp-element-caption\"><a rel=\"noreferrer noopener\" href=\"https:\/\/agr-tc.pt\/wp\/?p=1852\" data-type=\"URL\" data-id=\"https:\/\/agr-tc.pt\/wp\/?p=1852\" target=\"_blank\"><strong>Voltar \u00e0 p\u00e1gina dos Poemas: https:\/\/agr-tc.pt\/wp\/?p=1852<\/strong><\/a><\/figcaption><\/figure>\n\n\n\n<figure class=\"wp-block-image size-full\"><img loading=\"lazy\" decoding=\"async\" width=\"729\" height=\"729\" src=\"https:\/\/agr-tc.pt\/wp\/wp-content\/uploads\/2022\/11\/poema7binsta.png\" alt=\"\" class=\"wp-image-2138\" srcset=\"https:\/\/agr-tc.pt\/wp\/wp-content\/uploads\/2022\/11\/poema7binsta.png 729w, https:\/\/agr-tc.pt\/wp\/wp-content\/uploads\/2022\/11\/poema7binsta-300x300.png 300w, https:\/\/agr-tc.pt\/wp\/wp-content\/uploads\/2022\/11\/poema7binsta-150x150.png 150w\" sizes=\"auto, (max-width: 729px) 100vw, 729px\" \/><\/figure>\n\n\n\n<figure class=\"wp-block-image size-full\"><img loading=\"lazy\" decoding=\"async\" width=\"729\" height=\"729\" src=\"https:\/\/agr-tc.pt\/wp\/wp-content\/uploads\/2022\/11\/poema7cinsta.png\" alt=\"\" class=\"wp-image-2139\" srcset=\"https:\/\/agr-tc.pt\/wp\/wp-content\/uploads\/2022\/11\/poema7cinsta.png 729w, https:\/\/agr-tc.pt\/wp\/wp-content\/uploads\/2022\/11\/poema7cinsta-300x300.png 300w, https:\/\/agr-tc.pt\/wp\/wp-content\/uploads\/2022\/11\/poema7cinsta-150x150.png 150w\" sizes=\"auto, (max-width: 729px) 100vw, 729px\" \/><\/figure>\n","protected":false},"excerpt":{"rendered":"<p>Poema de Eduardo Aleixo, 12.\u00ba anoIlustra\u00e7\u00e3o de Lia Barreiros, 10.\u00ba ano Sou um fantasma de mim mesmoE do que em mim poderia serUm fantasma de tudo o que me rodeiaE a que muitos chamam realidadeDe todas as coisas que s\u00e3o, passamE deixam de serDe tudo o que \u00e9E ent\u00e3o se transformaUm fantasma de tudo o&hellip;<\/p>\n","protected":false},"author":4,"featured_media":2232,"parent":0,"menu_order":0,"comment_status":"closed","ping_status":"closed","template":"","meta":{"footnotes":""},"class_list":["post-2136","page","type-page","status-publish","has-post-thumbnail","hentry"],"_links":{"self":[{"href":"https:\/\/agr-tc.pt\/wp\/index.php?rest_route=\/wp\/v2\/pages\/2136","targetHints":{"allow":["GET"]}}],"collection":[{"href":"https:\/\/agr-tc.pt\/wp\/index.php?rest_route=\/wp\/v2\/pages"}],"about":[{"href":"https:\/\/agr-tc.pt\/wp\/index.php?rest_route=\/wp\/v2\/types\/page"}],"author":[{"embeddable":true,"href":"https:\/\/agr-tc.pt\/wp\/index.php?rest_route=\/wp\/v2\/users\/4"}],"replies":[{"embeddable":true,"href":"https:\/\/agr-tc.pt\/wp\/index.php?rest_route=%2Fwp%2Fv2%2Fcomments&post=2136"}],"version-history":[{"count":4,"href":"https:\/\/agr-tc.pt\/wp\/index.php?rest_route=\/wp\/v2\/pages\/2136\/revisions"}],"predecessor-version":[{"id":2239,"href":"https:\/\/agr-tc.pt\/wp\/index.php?rest_route=\/wp\/v2\/pages\/2136\/revisions\/2239"}],"wp:featuredmedia":[{"embeddable":true,"href":"https:\/\/agr-tc.pt\/wp\/index.php?rest_route=\/wp\/v2\/media\/2232"}],"wp:attachment":[{"href":"https:\/\/agr-tc.pt\/wp\/index.php?rest_route=%2Fwp%2Fv2%2Fmedia&parent=2136"}],"curies":[{"name":"wp","href":"https:\/\/api.w.org\/{rel}","templated":true}]}}