{"id":152,"date":"2017-02-27T09:01:00","date_gmt":"2017-02-27T09:01:00","guid":{"rendered":"http:\/\/demo.acmethemes.com\/education-base-pro\/?page_id=297"},"modified":"2021-12-03T16:30:16","modified_gmt":"2021-12-03T16:30:16","slug":"learning-environment","status":"publish","type":"page","link":"https:\/\/agr-tc.pt\/wp\/?page_id=152","title":{"rendered":"Percursos diferenciados"},"content":{"rendered":"\n<p>Na sua caminhada para o sucesso, os nossos alunos podem abordar o ensino secund\u00e1rio por percursos diferenciados o que garante os bons resultados tanto nos Cursos Cient\u00edfico Human\u00edsticos como no Curso Art\u00edstico Especializado. Tamb\u00e9m na via profissionalizante, na qual tentamos acompanhar o objetivo nacional e as solicita\u00e7\u00f5es empresariais e de outros organismos locais, oferecemos um leque amplo de ofertas que v\u00e3o desde as Artes do Espet\u00e1culo \u00e0 Eletr\u00f3nica e Automa\u00e7\u00e3o, passando pelo Secretariado e Trabalho Administrativo at\u00e9 \u00e0 Inform\u00e1tica e Hotelaria e Restaura\u00e7\u00e3o. Para aqueles que, por op\u00e7\u00e3o ou necessidade, tiveram que abandonar os seus estudos oferecemos Forma\u00e7\u00e3o de Adultos.<\/p>\n\n\n\n<p><\/p>\n","protected":false},"excerpt":{"rendered":"<p>Na sua caminhada para o sucesso, os nossos alunos podem abordar o ensino secund\u00e1rio por percursos diferenciados o que garante os bons resultados tanto nos Cursos Cient\u00edfico Human\u00edsticos como no Curso Art\u00edstico Especializado. Tamb\u00e9m na via profissionalizante, na qual tentamos acompanhar o objetivo nacional e as solicita\u00e7\u00f5es empresariais e de outros organismos locais, oferecemos um&hellip;<\/p>\n","protected":false},"author":1,"featured_media":312,"parent":166,"menu_order":0,"comment_status":"closed","ping_status":"closed","template":"","meta":{"footnotes":""},"class_list":["post-152","page","type-page","status-publish","has-post-thumbnail","hentry"],"_links":{"self":[{"href":"https:\/\/agr-tc.pt\/wp\/index.php?rest_route=\/wp\/v2\/pages\/152","targetHints":{"allow":["GET"]}}],"collection":[{"href":"https:\/\/agr-tc.pt\/wp\/index.php?rest_route=\/wp\/v2\/pages"}],"about":[{"href":"https:\/\/agr-tc.pt\/wp\/index.php?rest_route=\/wp\/v2\/types\/page"}],"author":[{"embeddable":true,"href":"https:\/\/agr-tc.pt\/wp\/index.php?rest_route=\/wp\/v2\/users\/1"}],"replies":[{"embeddable":true,"href":"https:\/\/agr-tc.pt\/wp\/index.php?rest_route=%2Fwp%2Fv2%2Fcomments&post=152"}],"version-history":[{"count":6,"href":"https:\/\/agr-tc.pt\/wp\/index.php?rest_route=\/wp\/v2\/pages\/152\/revisions"}],"predecessor-version":[{"id":335,"href":"https:\/\/agr-tc.pt\/wp\/index.php?rest_route=\/wp\/v2\/pages\/152\/revisions\/335"}],"up":[{"embeddable":true,"href":"https:\/\/agr-tc.pt\/wp\/index.php?rest_route=\/wp\/v2\/pages\/166"}],"wp:featuredmedia":[{"embeddable":true,"href":"https:\/\/agr-tc.pt\/wp\/index.php?rest_route=\/wp\/v2\/media\/312"}],"wp:attachment":[{"href":"https:\/\/agr-tc.pt\/wp\/index.php?rest_route=%2Fwp%2Fv2%2Fmedia&parent=152"}],"curies":[{"name":"wp","href":"https:\/\/api.w.org\/{rel}","templated":true}]}}