{"id":1510,"date":"2022-09-12T17:55:59","date_gmt":"2022-09-12T17:55:59","guid":{"rendered":"https:\/\/agr-tc.pt\/wp\/?page_id=1510"},"modified":"2024-04-21T14:05:07","modified_gmt":"2024-04-21T14:05:07","slug":"cursos-cientifico-humanisticos-2","status":"publish","type":"page","link":"https:\/\/agr-tc.pt\/wp\/?page_id=1510","title":{"rendered":"Cursos Cient\u00edfico-Human\u00edsticos e Curso Art\u00edstico Especializado"},"content":{"rendered":"\n<p>Oferta em pdf:<\/p>\n\n\n\n<div data-wp-interactive=\"core\/file\" class=\"wp-block-file\"><object data-wp-bind--hidden=\"!state.hasPdfPreview\" hidden class=\"wp-block-file__embed\" data=\"https:\/\/agr-tc.pt\/wp\/wp-content\/uploads\/2024\/04\/folheto_CSH_AEDC_24_25.pdf\" type=\"application\/pdf\" style=\"width:100%;height:1700px\" aria-label=\"Incorpora\u00e7\u00e3o de folheto_CSH_AEDC_24_25.\"><\/object><a id=\"wp-block-file--media-1e5ac4f3-d79f-45c3-af98-d665f3264f8b\" href=\"https:\/\/agr-tc.pt\/wp\/wp-content\/uploads\/2024\/04\/folheto_CSH_AEDC_24_25.pdf\">folheto_CSH_AEDC_24_25<\/a><a href=\"https:\/\/agr-tc.pt\/wp\/wp-content\/uploads\/2024\/04\/folheto_CSH_AEDC_24_25.pdf\" class=\"wp-block-file__button wp-element-button\" download aria-describedby=\"wp-block-file--media-1e5ac4f3-d79f-45c3-af98-d665f3264f8b\">Descarregar<\/a><\/div>\n\n\n\n<p>Oferta em apresenta\u00e7\u00e3o genially:<\/p>\n\n\n\n<div class=\"container-wrapper-genially\" style=\"position: relative; min-height: 400px; max-width: 100%;\"><video class=\"loader-genially\" autoplay=\"autoplay\" loop=\"loop\" playsinline=\"playsInline\" muted=\"muted\" style=\"position: absolute;top: 45%;left: 50%;transform: translate(-50%, -50%);width: 80px;height: 80px;margin-bottom: 10%\"><source src=\"https:\/\/static.genial.ly\/resources\/loader-default.mp4\" type=\"video\/mp4\" \/>Your browser does not support the video tag.<\/video><div id=\"661e68f6ea0d860013e7ea74\" class=\"genially-embed\" style=\"margin: 0px auto; position: relative; height: auto; width: 100%;\"><\/div><\/div><script>(function (d) { var js, id = \"genially-embed-js\", ref = d.getElementsByTagName(\"script\")[0]; if (d.getElementById(id)) { return; } js = d.createElement(\"script\"); js.id = id; js.async = true; js.src = \"https:\/\/view.genial.ly\/static\/embed\/embed.js\"; ref.parentNode.insertBefore(js, ref); }(document));<\/script>\n\n\n\n<p><strong>Natureza e Organiza\u00e7\u00e3o<\/strong>:<\/p>\n\n\n\n<p style=\"font-size:14px\">Os cursos cientifico-human\u00edsticos constituem uma oferta educativa vocacionada para o prosseguimento de estudos de n\u00edvel superior (universit\u00e1rio ou polit\u00e9cnico).<br>Destinam-se a alunos que tenham conclu\u00eddo o 9.\u00ba ano de escolaridade ou equivalente.<br>T\u00eam a dura\u00e7\u00e3o de 3 anos letivos, correspondentes aos 10.\u00ba, 11.\u00ba e 12.\u00ba anos de escolaridade.<br>Conferem um diploma de conclus\u00e3o do Ensino Secund\u00e1rio (12\u00ba ano), bem como o n\u00edvel 3 de qualifica\u00e7\u00e3o do Quadro Nacional de Qualifica\u00e7\u00f5es (QNQ).<\/p>\n\n\n\n<p class=\"has-small-font-size\"><strong>Enquadramento legal:<\/strong><br>Os cursos&nbsp;cient\u00edfico-human\u00edsticos s\u00e3o regulados pelo&nbsp;<a href=\"http:\/\/www.dge.mec.pt\/sites\/default\/files\/Basico\/Legislacao\/dl_139_2012.pdf\" target=\"_blank\" rel=\"noreferrer noopener\">Decreto-Lei n.\u00ba 139\/2012 de 5 de julho<\/a>, alterado pelo&nbsp;<a href=\"http:\/\/www.dge.mec.pt\/sites\/default\/files\/Secundario\/Documentos\/Legislacao\/dl_91_2013_10_julho.pdf\" target=\"_blank\" rel=\"noreferrer noopener\">Decreto-Lei n.\u00ba 91\/2013, de 10 de julho<\/a>, pelo&nbsp;<a href=\"https:\/\/dre.pt\/application\/file\/63958168\" target=\"_blank\" rel=\"noreferrer noopener\">Decreto-Lei n.\u00ba 176\/2014, de 12 de dezembro<\/a>&nbsp;e pela&nbsp;<a href=\"http:\/\/www.dge.mec.pt\/sites\/default\/files\/ficheiros\/portaria_243_2012.pdf\" target=\"_blank\" rel=\"noreferrer noopener\">Portaria n.\u00ba 243\/2012 de 10 de agosto<\/a>, retificada pela&nbsp;<a href=\"http:\/\/www.dge.mec.pt\/sites\/default\/files\/ficheiros\/dr_47_2012.pdf\" target=\"_blank\" rel=\"noreferrer noopener\">Declara\u00e7\u00e3o de Retifica\u00e7\u00e3o n.\u00ba 51\/2012, de 21 de setembro<\/a>.<\/p>\n\n\n\n<p><strong><a href=\"http:\/\/www.dge.mec.pt\/matriz-dos-cursos-cientifico-humanisticos\" target=\"_blank\" rel=\"noreferrer noopener\">Matriz<\/a><\/strong><br>&nbsp;<\/p>\n\n\n\n<p class=\"has-small-font-size\"><strong>Cursos Cient\u00edfico-Human\u00edsticos:<\/strong><\/p>\n\n\n\n<ul class=\"wp-block-list\">\n<li><a href=\"http:\/\/www.dge.mec.pt\/curso-de-ciencias-e-tecnologias-0\">Curso de Ci\u00eancias e Tecnologias<\/a>;<\/li>\n\n\n\n<li><a href=\"http:\/\/www.dge.mec.pt\/curso-de-ciencias-socioeconomicas\">Curso de Ci\u00eancias Socioecon\u00f3micas<\/a>;<\/li>\n\n\n\n<li><a href=\"http:\/\/www.dge.mec.pt\/curso-de-linguas-e-humanidades\">Curso de L\u00ednguas e Humanidades<\/a>;<\/li>\n\n\n\n<li><a href=\"http:\/\/www.dge.mec.pt\/curso-de-artes-visuais\">Curso de Artes Visuais<\/a>.<\/li>\n<\/ul>\n\n\n\n<p>Os&nbsp;<strong>planos de estudo<\/strong>&nbsp;dos cursos integram:<\/p>\n\n\n\n<blockquote class=\"wp-block-quote is-layout-flow wp-block-quote-is-layout-flow\">\n<p style=\"font-size:14px\">A componente de forma\u00e7\u00e3o geral, comum aos quatro cursos, que visa contribuir para a constru\u00e7\u00e3o da identidade pessoal, social e cultural dos jovens;<\/p>\n\n\n\n<p style=\"font-size:14px\">A componente de forma\u00e7\u00e3o espec\u00edfica, que visa proporcionar forma\u00e7\u00e3o cient\u00edfica consistente no dom\u00ednio do respetivo curso;<\/p>\n\n\n\n<p style=\"font-size:14px\">A disciplina de Educa\u00e7\u00e3o Moral e Religiosa, de frequ\u00eancia facultativa.<\/p>\n<\/blockquote>\n\n\n\n<p class=\"has-small-font-size\">A componente de&nbsp;<strong>forma\u00e7\u00e3o geral<\/strong>&nbsp;\u00e9 constitu\u00edda pelas disciplinas de:<\/p>\n\n\n\n<blockquote class=\"wp-block-quote is-layout-flow wp-block-quote-is-layout-flow\" style=\"font-size:14px\">\n<p>Portugu\u00eas;<\/p>\n\n\n\n<p>L\u00edngua Estrangeira I, II ou III&nbsp; (Alem\u00e3o, Espanhol, Franc\u00eas ou Ingl\u00eas);<\/p>\n\n\n\n<p style=\"font-size:14px\">Filosofia;<\/p>\n\n\n\n<p>Educa\u00e7\u00e3o F\u00edsica.<\/p>\n<\/blockquote>\n\n\n\n<p>A componente de&nbsp;<strong>forma\u00e7\u00e3o espec\u00edfica<\/strong>&nbsp;\u00e9 constitu\u00edda por:<\/p>\n\n\n\n<p>Uma disciplina trienal obrigat\u00f3ria (10.\u00ba, 11.\u00ba e 12.\u00ba anos);<\/p>\n\n\n\n<p>Duas disciplinas bienais (10.\u00ba e 11.\u00ba anos), a escolher de entre o leque de&nbsp;<em>op\u00e7\u00f5es (c)<\/em>&nbsp;de cada curso, sendo ambas obrigatoriamente ligadas \u00e0 natureza do mesmo;<\/p>\n\n\n\n<p class=\"has-small-font-size\">Duas disciplinas anuais (12.\u00ba ano), a escolher de entre as op\u00e7\u00f5es de cada curso, sendo uma disciplina obrigatoriamente do leque de&nbsp;<em>op\u00e7\u00f5es (d)<\/em>, e a outra disciplina do leque de&nbsp;<em>op\u00e7\u00f5es (d)<\/em>&nbsp;ou do leque de&nbsp;<em>op\u00e7\u00f5es (e)<\/em>.<\/p>\n\n\n\n<blockquote class=\"wp-block-quote is-layout-flow wp-block-quote-is-layout-flow\">\n<p class=\"has-small-font-size\"><em>op\u00e7\u00f5es (d)<\/em>\u2013 conjunto de disciplinas diretamente ligadas \u00e0 natureza do curso<\/p>\n\n\n\n<p class=\"has-small-font-size\"><em>Op\u00e7\u00f5es (e)<\/em>\u00a0\u2013 conjunto de disciplinas ligadas a diversas \u00e1reas do saber<\/p>\n<\/blockquote>\n","protected":false},"excerpt":{"rendered":"<p>Oferta em pdf: Oferta em apresenta\u00e7\u00e3o genially: Your browser does not support the video tag. Natureza e Organiza\u00e7\u00e3o: Os cursos cientifico-human\u00edsticos constituem uma oferta educativa vocacionada para o prosseguimento de estudos de n\u00edvel superior (universit\u00e1rio ou polit\u00e9cnico).Destinam-se a alunos que tenham conclu\u00eddo o 9.\u00ba ano de escolaridade ou equivalente.T\u00eam a dura\u00e7\u00e3o de 3 anos letivos,&hellip;<\/p>\n","protected":false},"author":1,"featured_media":5721,"parent":0,"menu_order":0,"comment_status":"closed","ping_status":"closed","template":"","meta":{"footnotes":""},"class_list":["post-1510","page","type-page","status-publish","has-post-thumbnail","hentry"],"_links":{"self":[{"href":"https:\/\/agr-tc.pt\/wp\/index.php?rest_route=\/wp\/v2\/pages\/1510","targetHints":{"allow":["GET"]}}],"collection":[{"href":"https:\/\/agr-tc.pt\/wp\/index.php?rest_route=\/wp\/v2\/pages"}],"about":[{"href":"https:\/\/agr-tc.pt\/wp\/index.php?rest_route=\/wp\/v2\/types\/page"}],"author":[{"embeddable":true,"href":"https:\/\/agr-tc.pt\/wp\/index.php?rest_route=\/wp\/v2\/users\/1"}],"replies":[{"embeddable":true,"href":"https:\/\/agr-tc.pt\/wp\/index.php?rest_route=%2Fwp%2Fv2%2Fcomments&post=1510"}],"version-history":[{"count":24,"href":"https:\/\/agr-tc.pt\/wp\/index.php?rest_route=\/wp\/v2\/pages\/1510\/revisions"}],"predecessor-version":[{"id":9237,"href":"https:\/\/agr-tc.pt\/wp\/index.php?rest_route=\/wp\/v2\/pages\/1510\/revisions\/9237"}],"wp:featuredmedia":[{"embeddable":true,"href":"https:\/\/agr-tc.pt\/wp\/index.php?rest_route=\/wp\/v2\/media\/5721"}],"wp:attachment":[{"href":"https:\/\/agr-tc.pt\/wp\/index.php?rest_route=%2Fwp%2Fv2%2Fmedia&parent=1510"}],"curies":[{"name":"wp","href":"https:\/\/api.w.org\/{rel}","templated":true}]}}