{"id":1498,"date":"2022-09-12T17:29:29","date_gmt":"2022-09-12T17:29:29","guid":{"rendered":"https:\/\/agr-tc.pt\/wp\/?page_id=1498"},"modified":"2023-06-07T15:39:30","modified_gmt":"2023-06-07T15:39:30","slug":"3o-ciclo-2","status":"publish","type":"page","link":"https:\/\/agr-tc.pt\/wp\/?page_id=1498","title":{"rendered":"3\u00ba Ciclo"},"content":{"rendered":"\n<p>O 3\u00ba Ciclo corresponde temporalmente \u00e0 entrada na adolesc\u00eancia, altura em que, a par das transforma\u00e7\u00f5es f\u00edsicas e psicol\u00f3gicas experienciadas de forma mais intensa, cada jovem come\u00e7a a ensaiar os primeiros passos da sua autonomia relativamente \u00e0 fam\u00edlia, procura perceber a sua pr\u00f3pria identidade e come\u00e7a a questionar-se sobre o seu futuro acad\u00e9mico e profissional. A escola assume plenamente a sua miss\u00e3o relativamente a cada jovem, garantindo-lhe, por um lado, o acesso ao conhecimento e, por outro, o desenvolvimento das compet\u00eancias pessoais e sociais que lhe permitam definir as suas op\u00e7\u00f5es, programar e cumprir o seu percurso acad\u00e9mico\/profissional. A planifica\u00e7\u00e3o interdisciplinar, as pr\u00e1ticas pedag\u00f3gicas diversificadas e inovadoras, os in\u00fameros projetos em parceria com entidades externas nacionais e internacionais, os enriquecedores projetos internos, o apoio na orienta\u00e7\u00e3o vocacional, o di\u00e1logo constante com os pais e encarregados de educa\u00e7\u00e3o, entre outros, constituem-se como op\u00e7\u00f5es essenciais para consecu\u00e7\u00e3o do compromisso que a escola assume para com cada aluno.<\/p>\n","protected":false},"excerpt":{"rendered":"<p>O 3\u00ba Ciclo corresponde temporalmente \u00e0 entrada na adolesc\u00eancia, altura em que, a par das transforma\u00e7\u00f5es f\u00edsicas e psicol\u00f3gicas experienciadas de forma mais intensa, cada jovem come\u00e7a a ensaiar os primeiros passos da sua autonomia relativamente \u00e0 fam\u00edlia, procura perceber a sua pr\u00f3pria identidade e come\u00e7a a questionar-se sobre o seu futuro acad\u00e9mico e profissional.&hellip;<\/p>\n","protected":false},"author":1,"featured_media":4034,"parent":0,"menu_order":0,"comment_status":"closed","ping_status":"closed","template":"","meta":{"footnotes":""},"class_list":["post-1498","page","type-page","status-publish","has-post-thumbnail","hentry"],"_links":{"self":[{"href":"https:\/\/agr-tc.pt\/wp\/index.php?rest_route=\/wp\/v2\/pages\/1498","targetHints":{"allow":["GET"]}}],"collection":[{"href":"https:\/\/agr-tc.pt\/wp\/index.php?rest_route=\/wp\/v2\/pages"}],"about":[{"href":"https:\/\/agr-tc.pt\/wp\/index.php?rest_route=\/wp\/v2\/types\/page"}],"author":[{"embeddable":true,"href":"https:\/\/agr-tc.pt\/wp\/index.php?rest_route=\/wp\/v2\/users\/1"}],"replies":[{"embeddable":true,"href":"https:\/\/agr-tc.pt\/wp\/index.php?rest_route=%2Fwp%2Fv2%2Fcomments&post=1498"}],"version-history":[{"count":1,"href":"https:\/\/agr-tc.pt\/wp\/index.php?rest_route=\/wp\/v2\/pages\/1498\/revisions"}],"predecessor-version":[{"id":1499,"href":"https:\/\/agr-tc.pt\/wp\/index.php?rest_route=\/wp\/v2\/pages\/1498\/revisions\/1499"}],"wp:featuredmedia":[{"embeddable":true,"href":"https:\/\/agr-tc.pt\/wp\/index.php?rest_route=\/wp\/v2\/media\/4034"}],"wp:attachment":[{"href":"https:\/\/agr-tc.pt\/wp\/index.php?rest_route=%2Fwp%2Fv2%2Fmedia&parent=1498"}],"curies":[{"name":"wp","href":"https:\/\/api.w.org\/{rel}","templated":true}]}}