{"id":142,"date":"2017-02-27T11:28:08","date_gmt":"2017-02-27T11:28:08","guid":{"rendered":"http:\/\/demo.acmethemes.com\/education-base-pro\/?page_id=344"},"modified":"2025-11-14T22:01:29","modified_gmt":"2025-11-14T22:01:29","slug":"modern-classrooms","status":"publish","type":"page","link":"https:\/\/agr-tc.pt\/wp\/?page_id=142","title":{"rendered":"Laborat\u00f3rios"},"content":{"rendered":"<p>Laborat\u00f3rios para aulas pr\u00e1ticas.<\/p>\n\n\n<figure class=\"wp-block-image size-large\"><img loading=\"lazy\" decoding=\"async\" width=\"1024\" height=\"1024\" src=\"https:\/\/agr-tc.pt\/wp\/wp-content\/uploads\/2025\/11\/aulaFQ-1024x1024.jpeg\" alt=\"\" class=\"wp-image-10210\" srcset=\"https:\/\/agr-tc.pt\/wp\/wp-content\/uploads\/2025\/11\/aulaFQ-1024x1024.jpeg 1024w, https:\/\/agr-tc.pt\/wp\/wp-content\/uploads\/2025\/11\/aulaFQ-300x300.jpeg 300w, https:\/\/agr-tc.pt\/wp\/wp-content\/uploads\/2025\/11\/aulaFQ-150x150.jpeg 150w, https:\/\/agr-tc.pt\/wp\/wp-content\/uploads\/2025\/11\/aulaFQ-768x768.jpeg 768w, https:\/\/agr-tc.pt\/wp\/wp-content\/uploads\/2025\/11\/aulaFQ.jpeg 1080w\" sizes=\"auto, (max-width: 1024px) 100vw, 1024px\" \/><\/figure>\n","protected":false},"excerpt":{"rendered":"<p>Laborat\u00f3rios para aulas pr\u00e1ticas.<\/p>\n","protected":false},"author":1,"featured_media":10210,"parent":146,"menu_order":0,"comment_status":"closed","ping_status":"closed","template":"","meta":{"footnotes":""},"class_list":["post-142","page","type-page","status-publish","has-post-thumbnail","hentry"],"_links":{"self":[{"href":"https:\/\/agr-tc.pt\/wp\/index.php?rest_route=\/wp\/v2\/pages\/142","targetHints":{"allow":["GET"]}}],"collection":[{"href":"https:\/\/agr-tc.pt\/wp\/index.php?rest_route=\/wp\/v2\/pages"}],"about":[{"href":"https:\/\/agr-tc.pt\/wp\/index.php?rest_route=\/wp\/v2\/types\/page"}],"author":[{"embeddable":true,"href":"https:\/\/agr-tc.pt\/wp\/index.php?rest_route=\/wp\/v2\/users\/1"}],"replies":[{"embeddable":true,"href":"https:\/\/agr-tc.pt\/wp\/index.php?rest_route=%2Fwp%2Fv2%2Fcomments&post=142"}],"version-history":[{"count":8,"href":"https:\/\/agr-tc.pt\/wp\/index.php?rest_route=\/wp\/v2\/pages\/142\/revisions"}],"predecessor-version":[{"id":10211,"href":"https:\/\/agr-tc.pt\/wp\/index.php?rest_route=\/wp\/v2\/pages\/142\/revisions\/10211"}],"up":[{"embeddable":true,"href":"https:\/\/agr-tc.pt\/wp\/index.php?rest_route=\/wp\/v2\/pages\/146"}],"wp:featuredmedia":[{"embeddable":true,"href":"https:\/\/agr-tc.pt\/wp\/index.php?rest_route=\/wp\/v2\/media\/10210"}],"wp:attachment":[{"href":"https:\/\/agr-tc.pt\/wp\/index.php?rest_route=%2Fwp%2Fv2%2Fmedia&parent=142"}],"curies":[{"name":"wp","href":"https:\/\/api.w.org\/{rel}","templated":true}]}}