{"id":1222,"date":"2022-09-07T19:19:07","date_gmt":"2022-09-07T19:19:07","guid":{"rendered":"https:\/\/agr-tc.pt\/wp\/?page_id=1222"},"modified":"2022-09-07T19:24:14","modified_gmt":"2022-09-07T19:24:14","slug":"revista-etc-junior-edicao-de-2022-n-o-7-jornais-escolares","status":"publish","type":"page","link":"https:\/\/agr-tc.pt\/wp\/?page_id=1222","title":{"rendered":"Revista etc.j\u00fanior &#8211; Edi\u00e7\u00e3o de 2022 (N.\u00ba 7) &#8211; Jornais Escolares"},"content":{"rendered":"\n<p>Saiu mais um n\u00famero da Revista&nbsp;<strong>etc.j\u00fanior<\/strong>&nbsp;que \u00e9 elaborada com not\u00edcias das crian\u00e7as da Escola\/JI do Bom Jo\u00e3o e de S. Lu\u00eds.<br>A&nbsp;<strong>etc.j\u00fanior&nbsp;<\/strong>\u00e9 uma revista a cores, constru\u00edda com artigos de alunos de todos os grupos do Pr\u00e9-escolar e 1.\u00ba Ciclo do Agrupamento Tom\u00e1s cabreira, com supervis\u00e3o das educadoras e professores.<br>O logotipo, a capa e a consultoria gr\u00e1fica ficou a cargo de alunos e professores do Curso Secund\u00e1rio Art\u00edstico Especializado de Design de Comunica\u00e7\u00e3o do Agrupamento.<br>Agradece-se a colabora\u00e7\u00e3o na impress\u00e3o por parte da C\u00e2mara Municipal de Faro e da Uni\u00e3o de Freguesias de S\u00e9 e S. Pedro. Aqui fica a edi\u00e7\u00e3o deste ano letivo<\/p>\n\n\n<div class=\"wp-block-image\">\n<figure class=\"aligncenter size-full is-resized\"><a href=\"https:\/\/drive.google.com\/file\/d\/1-63GfLH8uHwVKziP-4Dm1qj7FJ-e0EsK\/view\" target=\"_blank\" rel=\"noreferrer noopener\"><img loading=\"lazy\" decoding=\"async\" src=\"https:\/\/agr-tc.pt\/wp\/wp-content\/uploads\/2022\/09\/revistaetc2022novahp.png\" alt=\"\" class=\"wp-image-1213\" width=\"307\" height=\"435\"\/><\/a><figcaption><a rel=\"noreferrer noopener\" href=\"https:\/\/drive.google.com\/file\/d\/1-63GfLH8uHwVKziP-4Dm1qj7FJ-e0EsK\/view\" target=\"_blank\">Vers\u00e3o pdf na drive do agrupamento<\/a><\/figcaption><\/figure>\n<\/div>\n\n\n<hr class=\"wp-block-separator has-alpha-channel-opacity\"\/>\n\n\n\n<p>Todos os n\u00fameros &#8211; Publicamos um link par a anterior p\u00e1gina da escola onde pode aceder a todos os n\u00fameros da revista: <a rel=\"noreferrer noopener\" href=\"https:\/\/www.agr-tc.pt\/site\/index.php\/component\/content\/article?id=2751\" target=\"_blank\">https:\/\/www.agr-tc.pt\/site\/index.php\/component\/content\/article?id=2751<\/a><\/p>\n\n\n<div class=\"wp-block-image\">\n<figure class=\"aligncenter size-full\"><a href=\"https:\/\/www.agr-tc.pt\/site\/index.php\/component\/content\/article?id=2751\" target=\"_blank\" rel=\"noreferrer noopener\"><img loading=\"lazy\" decoding=\"async\" width=\"960\" height=\"189\" src=\"https:\/\/agr-tc.pt\/wp\/wp-content\/uploads\/2022\/09\/revistaetctodososnumeros_.png\" alt=\"\" class=\"wp-image-1218\" srcset=\"https:\/\/agr-tc.pt\/wp\/wp-content\/uploads\/2022\/09\/revistaetctodososnumeros_.png 960w, https:\/\/agr-tc.pt\/wp\/wp-content\/uploads\/2022\/09\/revistaetctodososnumeros_-768x151.png 768w\" sizes=\"auto, (max-width: 960px) 100vw, 960px\" \/><\/a><\/figure>\n<\/div>\n\n\n<hr class=\"wp-block-separator has-alpha-channel-opacity\"\/>\n","protected":false},"excerpt":{"rendered":"<p>Saiu mais um n\u00famero da Revista&nbsp;etc.j\u00fanior&nbsp;que \u00e9 elaborada com not\u00edcias das crian\u00e7as da Escola\/JI do Bom Jo\u00e3o e de S. Lu\u00eds.A&nbsp;etc.j\u00fanior&nbsp;\u00e9 uma revista a cores, constru\u00edda com artigos de alunos de todos os grupos do Pr\u00e9-escolar e 1.\u00ba Ciclo do Agrupamento Tom\u00e1s cabreira, com supervis\u00e3o das educadoras e professores.O logotipo, a capa e a consultoria&hellip;<\/p>\n","protected":false},"author":4,"featured_media":0,"parent":0,"menu_order":0,"comment_status":"closed","ping_status":"closed","template":"","meta":{"footnotes":""},"class_list":["post-1222","page","type-page","status-publish","hentry"],"_links":{"self":[{"href":"https:\/\/agr-tc.pt\/wp\/index.php?rest_route=\/wp\/v2\/pages\/1222","targetHints":{"allow":["GET"]}}],"collection":[{"href":"https:\/\/agr-tc.pt\/wp\/index.php?rest_route=\/wp\/v2\/pages"}],"about":[{"href":"https:\/\/agr-tc.pt\/wp\/index.php?rest_route=\/wp\/v2\/types\/page"}],"author":[{"embeddable":true,"href":"https:\/\/agr-tc.pt\/wp\/index.php?rest_route=\/wp\/v2\/users\/4"}],"replies":[{"embeddable":true,"href":"https:\/\/agr-tc.pt\/wp\/index.php?rest_route=%2Fwp%2Fv2%2Fcomments&post=1222"}],"version-history":[{"count":3,"href":"https:\/\/agr-tc.pt\/wp\/index.php?rest_route=\/wp\/v2\/pages\/1222\/revisions"}],"predecessor-version":[{"id":1227,"href":"https:\/\/agr-tc.pt\/wp\/index.php?rest_route=\/wp\/v2\/pages\/1222\/revisions\/1227"}],"wp:attachment":[{"href":"https:\/\/agr-tc.pt\/wp\/index.php?rest_route=%2Fwp%2Fv2%2Fmedia&parent=1222"}],"curies":[{"name":"wp","href":"https:\/\/api.w.org\/{rel}","templated":true}]}}