{"id":1167,"date":"2022-09-06T23:37:51","date_gmt":"2022-09-06T23:37:51","guid":{"rendered":"https:\/\/agr-tc.pt\/wp\/?page_id=1167"},"modified":"2022-09-06T23:37:51","modified_gmt":"2022-09-06T23:37:51","slug":"direcao-2018-2022","status":"publish","type":"page","link":"https:\/\/agr-tc.pt\/wp\/?page_id=1167","title":{"rendered":"Dire\u00e7\u00e3o 2018\/2022"},"content":{"rendered":"\n<p>Diretora: Ana Paula Matos Mourato Marques<\/p>\n\n\n\n<p>SubDiretor: Orlando Jorge Gon\u00e7alves de Mendon\u00e7a<\/p>\n\n\n\n<p>Adjunto: Eurico Martinho Viegas B\u00e1rbara<\/p>\n\n\n\n<p>Adjunta: Helena Sofia Machado dos Santos<\/p>\n\n\n\n<p>Adjunto: Lu\u00eds Pedro Martins Rosa Miguel<\/p>\n","protected":false},"excerpt":{"rendered":"<p>Diretora: Ana Paula Matos Mourato Marques SubDiretor: Orlando Jorge Gon\u00e7alves de Mendon\u00e7a Adjunto: Eurico Martinho Viegas B\u00e1rbara Adjunta: Helena Sofia Machado dos Santos Adjunto: Lu\u00eds Pedro Martins Rosa Miguel<\/p>\n","protected":false},"author":4,"featured_media":0,"parent":0,"menu_order":0,"comment_status":"closed","ping_status":"closed","template":"","meta":{"footnotes":""},"class_list":["post-1167","page","type-page","status-publish","hentry"],"_links":{"self":[{"href":"https:\/\/agr-tc.pt\/wp\/index.php?rest_route=\/wp\/v2\/pages\/1167","targetHints":{"allow":["GET"]}}],"collection":[{"href":"https:\/\/agr-tc.pt\/wp\/index.php?rest_route=\/wp\/v2\/pages"}],"about":[{"href":"https:\/\/agr-tc.pt\/wp\/index.php?rest_route=\/wp\/v2\/types\/page"}],"author":[{"embeddable":true,"href":"https:\/\/agr-tc.pt\/wp\/index.php?rest_route=\/wp\/v2\/users\/4"}],"replies":[{"embeddable":true,"href":"https:\/\/agr-tc.pt\/wp\/index.php?rest_route=%2Fwp%2Fv2%2Fcomments&post=1167"}],"version-history":[{"count":1,"href":"https:\/\/agr-tc.pt\/wp\/index.php?rest_route=\/wp\/v2\/pages\/1167\/revisions"}],"predecessor-version":[{"id":1168,"href":"https:\/\/agr-tc.pt\/wp\/index.php?rest_route=\/wp\/v2\/pages\/1167\/revisions\/1168"}],"wp:attachment":[{"href":"https:\/\/agr-tc.pt\/wp\/index.php?rest_route=%2Fwp%2Fv2%2Fmedia&parent=1167"}],"curies":[{"name":"wp","href":"https:\/\/api.w.org\/{rel}","templated":true}]}}