{"id":11024,"date":"2026-05-08T19:42:27","date_gmt":"2026-05-08T19:42:27","guid":{"rendered":"https:\/\/agr-tc.pt\/wp\/?page_id=11024"},"modified":"2026-05-08T20:47:47","modified_gmt":"2026-05-08T20:47:47","slug":"e-se-eu-fosse-uma-obra-de-arte","status":"publish","type":"page","link":"https:\/\/agr-tc.pt\/wp\/?page_id=11024","title":{"rendered":"E se eu fosse uma obra de arte?"},"content":{"rendered":"\n<p>Pelo 7.\u00ba ano consecutivo, o Agrupamento Tom\u00e1s Cabreira celebra a Arte de forma criativa: alunos e professores devem escolher uma obra, analis\u00e1-la, dar-lhe uma nova vida atrav\u00e9s da sua transforma\u00e7\u00e3o e partilh\u00e1-la, em festa, culminando no desfile que&nbsp; habitualmente realizamos.<\/p>\n\n\n\n<p>Esta atividade assume uma importante dimens\u00e3o did\u00e1tica, pois promove o desenvolvimento do pensamento cr\u00edtico, da criatividade e da sensibilidade est\u00e9tica, ao mesmo tempo que estimula o trabalho colaborativo, a capacidade de interpreta\u00e7\u00e3o e a valoriza\u00e7\u00e3o do patrim\u00f3nio art\u00edstico e cultural.<\/p>\n\n\n\n<p>&nbsp;Unir&nbsp;alunos de todas as escolas&nbsp;num s\u00f3 espa\u00e7o: o anfiteatro ao ar livre da ES Tom\u00e1s Cabreira, \u00e9 o nosso prop\u00f3sito.<\/p>\n\n\n\n<figure class=\"wp-block-image size-large is-resized\"><img loading=\"lazy\" decoding=\"async\" width=\"1024\" height=\"1024\" src=\"https:\/\/agr-tc.pt\/wp\/wp-content\/uploads\/2026\/05\/IMG_20260506_112559-1024x1024.jpg\" alt=\"\" class=\"wp-image-11028\" style=\"aspect-ratio:1.3333333333333333;width:771px;height:auto\" srcset=\"https:\/\/agr-tc.pt\/wp\/wp-content\/uploads\/2026\/05\/IMG_20260506_112559-1024x1024.jpg 1024w, https:\/\/agr-tc.pt\/wp\/wp-content\/uploads\/2026\/05\/IMG_20260506_112559-300x300.jpg 300w, https:\/\/agr-tc.pt\/wp\/wp-content\/uploads\/2026\/05\/IMG_20260506_112559-150x150.jpg 150w\" sizes=\"auto, (max-width: 1024px) 100vw, 1024px\" \/><\/figure>\n\n\n\n<p><\/p>\n","protected":false},"excerpt":{"rendered":"<p>Pelo 7.\u00ba ano consecutivo, o Agrupamento Tom\u00e1s Cabreira celebra a Arte de forma criativa: alunos e professores devem escolher uma obra, analis\u00e1-la, dar-lhe uma nova vida atrav\u00e9s da sua transforma\u00e7\u00e3o e partilh\u00e1-la, em festa, culminando no desfile que&nbsp; habitualmente realizamos. Esta atividade assume uma importante dimens\u00e3o did\u00e1tica, pois promove o desenvolvimento do pensamento cr\u00edtico, da&hellip;<\/p>\n","protected":false},"author":1,"featured_media":11025,"parent":0,"menu_order":0,"comment_status":"closed","ping_status":"closed","template":"","meta":{"footnotes":""},"class_list":["post-11024","page","type-page","status-publish","has-post-thumbnail","hentry"],"_links":{"self":[{"href":"https:\/\/agr-tc.pt\/wp\/index.php?rest_route=\/wp\/v2\/pages\/11024","targetHints":{"allow":["GET"]}}],"collection":[{"href":"https:\/\/agr-tc.pt\/wp\/index.php?rest_route=\/wp\/v2\/pages"}],"about":[{"href":"https:\/\/agr-tc.pt\/wp\/index.php?rest_route=\/wp\/v2\/types\/page"}],"author":[{"embeddable":true,"href":"https:\/\/agr-tc.pt\/wp\/index.php?rest_route=\/wp\/v2\/users\/1"}],"replies":[{"embeddable":true,"href":"https:\/\/agr-tc.pt\/wp\/index.php?rest_route=%2Fwp%2Fv2%2Fcomments&post=11024"}],"version-history":[{"count":2,"href":"https:\/\/agr-tc.pt\/wp\/index.php?rest_route=\/wp\/v2\/pages\/11024\/revisions"}],"predecessor-version":[{"id":11029,"href":"https:\/\/agr-tc.pt\/wp\/index.php?rest_route=\/wp\/v2\/pages\/11024\/revisions\/11029"}],"wp:featuredmedia":[{"embeddable":true,"href":"https:\/\/agr-tc.pt\/wp\/index.php?rest_route=\/wp\/v2\/media\/11025"}],"wp:attachment":[{"href":"https:\/\/agr-tc.pt\/wp\/index.php?rest_route=%2Fwp%2Fv2%2Fmedia&parent=11024"}],"curies":[{"name":"wp","href":"https:\/\/api.w.org\/{rel}","templated":true}]}}