{"id":10212,"date":"2025-11-14T22:10:47","date_gmt":"2025-11-14T22:10:47","guid":{"rendered":"https:\/\/agr-tc.pt\/wp\/?page_id=10212"},"modified":"2025-11-14T22:18:45","modified_gmt":"2025-11-14T22:18:45","slug":"medalha-nas-olimpiadas-de-matematica","status":"publish","type":"page","link":"https:\/\/agr-tc.pt\/wp\/?page_id=10212","title":{"rendered":"Medalha nas Olimp\u00edadas\u00a0de Matem\u00e1tica"},"content":{"rendered":"\n<p>De 27 a 31 de outubro de 2025 decorreram as Olimp\u00edadas\u00a0de Matem\u00e1tica da CPLP (Comunidade dos Pa\u00edses de L\u00edngua Portuguesa) em Fortaleza, no Brasil.<\/p>\n\n\n\n<p>Um dos medalhados foi o nosso aluno Guilherme Cabral do 11\u00ba B.<\/p>\n\n\n\n<section id=\"g-piphe48\" class=\"wp-block-gutentor-m4 section-g-piphe48 gutentor-module gutentor-advanced-columns\"><div class=\"grid-container\"><div class=\"grid-row\">\n<div id=\"col-g-epenlol\" class=\"wp-block-gutentor-m4-col col-g-epenlol gutentor-single-column  grid-lg-4 grid-md-12 grid-12\"><div id=\"section-g-epenlol\" class=\"section-g-epenlol gutentor-col-wrap\">\n<div id=\"section-g-4klr4ll\" class=\"wp-block-gutentor-e6 section-g-4klr4ll gutentor-element gutentor-element-image\"><div class=\"gutentor-element-image-box\"><div class=\"gutentor-image-thumb\"><img decoding=\"async\" class=\"normal-image\" src=\"https:\/\/agr-tc.pt\/wp\/wp-content\/uploads\/2025\/11\/3.jpg\" \/><\/div><\/div><\/div>\n<\/div><\/div>\n\n\n\n<div id=\"col-g-8e6eeku\" class=\"wp-block-gutentor-m4-col col-g-8e6eeku gutentor-single-column  grid-lg-4 grid-md-12 grid-12\"><div id=\"section-g-8e6eeku\" class=\"section-g-8e6eeku gutentor-col-wrap\">\n<div id=\"section-g-8l8r01l\" class=\"wp-block-gutentor-e6 section-g-8l8r01l gutentor-element gutentor-element-image\"><div class=\"gutentor-element-image-box\"><div class=\"gutentor-image-thumb\"><img decoding=\"async\" class=\"normal-image\" src=\"https:\/\/agr-tc.pt\/wp\/wp-content\/uploads\/2025\/11\/2.jpg\" \/><\/div><\/div><\/div>\n<\/div><\/div>\n\n\n\n<div id=\"col-g-ekaa565\" class=\"wp-block-gutentor-m4-col col-g-ekaa565 gutentor-single-column  grid-lg-4 grid-md-12 grid-12\"><div id=\"section-g-ekaa565\" class=\"section-g-ekaa565 gutentor-col-wrap\">\n<div id=\"section-g-4f4tsfs\" class=\"wp-block-gutentor-e6 section-g-4f4tsfs gutentor-element gutentor-element-image\"><div class=\"gutentor-element-image-box\"><div class=\"gutentor-image-thumb\"><img decoding=\"async\" class=\"normal-image\" src=\"https:\/\/agr-tc.pt\/wp\/wp-content\/uploads\/2025\/11\/1.jpg\" \/><\/div><\/div><\/div>\n<\/div><\/div>\n<\/div><\/div><\/section>\n\n\n\n<section id=\"g-4qnd0ij\" class=\"wp-block-gutentor-m4 section-g-4qnd0ij gutentor-module gutentor-advanced-columns\"><div class=\"grid-container\"><div class=\"grid-row\">\n<div id=\"col-g-llrxz7d\" class=\"wp-block-gutentor-m4-col col-g-llrxz7d gutentor-single-column  grid-lg-6 grid-md-12 grid-12\"><div id=\"section-g-llrxz7d\" class=\"section-g-llrxz7d gutentor-col-wrap\">\n<div id=\"section-g-ff31vv2\" class=\"wp-block-gutentor-e6 section-g-ff31vv2 gutentor-element gutentor-element-image\"><div class=\"gutentor-element-image-box\"><div class=\"gutentor-image-thumb\"><img decoding=\"async\" class=\"normal-image\" src=\"https:\/\/agr-tc.pt\/wp\/wp-content\/uploads\/2025\/11\/4-300x300.jpg\" \/><\/div><\/div><\/div>\n<\/div><\/div>\n\n\n\n<div id=\"col-g-kss3jkr\" class=\"wp-block-gutentor-m4-col col-g-kss3jkr gutentor-single-column  grid-lg-6 grid-md-12 grid-12\"><div id=\"section-g-kss3jkr\" class=\"section-g-kss3jkr gutentor-col-wrap\">\n<div id=\"section-g-70vb7tt\" class=\"wp-block-gutentor-e6 section-g-70vb7tt gutentor-element gutentor-element-image\"><div class=\"gutentor-element-image-box\"><div class=\"gutentor-image-thumb\"><img decoding=\"async\" class=\"normal-image\" src=\"https:\/\/agr-tc.pt\/wp\/wp-content\/uploads\/2025\/11\/5-300x300.jpg\" \/><\/div><\/div><\/div>\n<\/div><\/div>\n<\/div><\/div><\/section>\n","protected":false},"excerpt":{"rendered":"<p>De 27 a 31 de outubro de 2025 decorreram as Olimp\u00edadas\u00a0de Matem\u00e1tica da CPLP (Comunidade dos Pa\u00edses de L\u00edngua Portuguesa) em Fortaleza, no Brasil. Um dos medalhados foi o nosso aluno Guilherme Cabral do 11\u00ba B.<\/p>\n","protected":false},"author":1,"featured_media":10214,"parent":0,"menu_order":0,"comment_status":"closed","ping_status":"closed","template":"","meta":{"footnotes":""},"class_list":["post-10212","page","type-page","status-publish","has-post-thumbnail","hentry"],"_links":{"self":[{"href":"https:\/\/agr-tc.pt\/wp\/index.php?rest_route=\/wp\/v2\/pages\/10212","targetHints":{"allow":["GET"]}}],"collection":[{"href":"https:\/\/agr-tc.pt\/wp\/index.php?rest_route=\/wp\/v2\/pages"}],"about":[{"href":"https:\/\/agr-tc.pt\/wp\/index.php?rest_route=\/wp\/v2\/types\/page"}],"author":[{"embeddable":true,"href":"https:\/\/agr-tc.pt\/wp\/index.php?rest_route=\/wp\/v2\/users\/1"}],"replies":[{"embeddable":true,"href":"https:\/\/agr-tc.pt\/wp\/index.php?rest_route=%2Fwp%2Fv2%2Fcomments&post=10212"}],"version-history":[{"count":2,"href":"https:\/\/agr-tc.pt\/wp\/index.php?rest_route=\/wp\/v2\/pages\/10212\/revisions"}],"predecessor-version":[{"id":10216,"href":"https:\/\/agr-tc.pt\/wp\/index.php?rest_route=\/wp\/v2\/pages\/10212\/revisions\/10216"}],"wp:featuredmedia":[{"embeddable":true,"href":"https:\/\/agr-tc.pt\/wp\/index.php?rest_route=\/wp\/v2\/media\/10214"}],"wp:attachment":[{"href":"https:\/\/agr-tc.pt\/wp\/index.php?rest_route=%2Fwp%2Fv2%2Fmedia&parent=10212"}],"curies":[{"name":"wp","href":"https:\/\/api.w.org\/{rel}","templated":true}]}}