{"id":10039,"date":"2025-10-24T10:05:15","date_gmt":"2025-10-24T10:05:15","guid":{"rendered":"https:\/\/agr-tc.pt\/wp\/?page_id=10039"},"modified":"2025-10-24T10:11:27","modified_gmt":"2025-10-24T10:11:27","slug":"alunos-da-escola-secundaria-tomas-cabreira-em-mobilidade-erasmusvet-em-barcelona","status":"publish","type":"page","link":"https:\/\/agr-tc.pt\/wp\/?page_id=10039","title":{"rendered":"Alunos em Mobilidade Erasmus+VET em Barcelona"},"content":{"rendered":"\n<p class=\"has-small-font-size\">Entre os dias <strong>29 de setembro e 17 de outubro<\/strong>, um grupo de alunos dos cursos profissionais de <strong>T\u00e9cnico de Programador de <\/strong>Inform\u00e1tica, <strong>T\u00e9cnico de Gest\u00e3o de Equipamentos Inform\u00e1ticos<\/strong> e <strong>T\u00e9cnico de Restaurante\/Bar<\/strong> participou numa <strong>mobilidade Erasmus+ VET<\/strong> em <strong>Barcelona (Espanha)<\/strong>.<\/p>\n\n\n\n<p class=\"has-small-font-size\">Acompanhados pelos professores <strong>Carlos Rodrigues<\/strong>, <strong>Jos\u00e9 J\u00falio Alves<\/strong>, <strong>Bruno Rocha<\/strong> e <strong>Valter Miguel<\/strong>, os alunos tiveram a oportunidade de <strong>realizar est\u00e1gios em empresas e institui\u00e7\u00f5es locais<\/strong>, colocando em pr\u00e1tica os conhecimentos adquiridos na escola e desenvolvendo novas compet\u00eancias t\u00e9cnicas e pessoais num contexto internacional.<\/p>\n\n\n\n<p class=\"has-small-font-size\">Esta experi\u00eancia proporcionou aos participantes <strong>um contacto direto com o mundo do trabalho europeu<\/strong>, promovendo o <strong>esp\u00edrito de iniciativa, a autonomia e a adapta\u00e7\u00e3o a novas realidades culturais e profissionais<\/strong>. Al\u00e9m disso, permitiu refor\u00e7ar a import\u00e2ncia da <strong>coopera\u00e7\u00e3o entre escolas e entidades estrangeiras<\/strong>, no \u00e2mbito do programa <strong>Erasmus+<\/strong>, que tem vindo a contribuir para a <strong>forma\u00e7\u00e3o de jovens mais qualificados, abertos e europeus<\/strong>.<\/p>\n\n\n\n<p class=\"has-small-font-size\">A mobilidade decorreu com grande sucesso, sendo uma experi\u00eancia enriquecedora tanto a n\u00edvel <strong>profissional como pessoal<\/strong>, que certamente marcar\u00e1 o percurso acad\u00e9mico e futuro destes jovens.<\/p>\n\n\n\n<div class=\"wp-block-columns is-layout-flex wp-container-core-columns-is-layout-9d6595d7 wp-block-columns-is-layout-flex\">\n<div class=\"wp-block-column is-layout-flow wp-block-column-is-layout-flow\" style=\"flex-basis:100%\">\n<div class=\"wp-block-columns is-layout-flex wp-container-core-columns-is-layout-9d6595d7 wp-block-columns-is-layout-flex\">\n<div class=\"wp-block-column is-layout-flow wp-block-column-is-layout-flow\" style=\"flex-basis:100%\">\n<figure class=\"wp-block-gallery has-nested-images columns-default is-cropped wp-block-gallery-1 is-layout-flex wp-block-gallery-is-layout-flex\">\n<figure class=\"wp-block-image size-large\"><img loading=\"lazy\" decoding=\"async\" width=\"1024\" height=\"1024\" data-id=\"10031\" src=\"https:\/\/agr-tc.pt\/wp\/wp-content\/uploads\/2025\/10\/20251010_112554-3-1024x1024.jpg\" alt=\"\" class=\"wp-image-10031\" srcset=\"https:\/\/agr-tc.pt\/wp\/wp-content\/uploads\/2025\/10\/20251010_112554-3-1024x1024.jpg 1024w, https:\/\/agr-tc.pt\/wp\/wp-content\/uploads\/2025\/10\/20251010_112554-3-300x300.jpg 300w, https:\/\/agr-tc.pt\/wp\/wp-content\/uploads\/2025\/10\/20251010_112554-3-150x150.jpg 150w\" sizes=\"auto, (max-width: 1024px) 100vw, 1024px\" \/><\/figure>\n\n\n\n<figure class=\"wp-block-image size-large\"><img loading=\"lazy\" decoding=\"async\" width=\"1024\" height=\"1024\" data-id=\"10029\" src=\"https:\/\/agr-tc.pt\/wp\/wp-content\/uploads\/2025\/10\/Imagem-WhatsApp-2025-10-23-as-11.12.58_c96e6432-1024x1024.jpg\" alt=\"\" class=\"wp-image-10029\" srcset=\"https:\/\/agr-tc.pt\/wp\/wp-content\/uploads\/2025\/10\/Imagem-WhatsApp-2025-10-23-as-11.12.58_c96e6432-1024x1024.jpg 1024w, https:\/\/agr-tc.pt\/wp\/wp-content\/uploads\/2025\/10\/Imagem-WhatsApp-2025-10-23-as-11.12.58_c96e6432-300x300.jpg 300w, https:\/\/agr-tc.pt\/wp\/wp-content\/uploads\/2025\/10\/Imagem-WhatsApp-2025-10-23-as-11.12.58_c96e6432-150x150.jpg 150w\" sizes=\"auto, (max-width: 1024px) 100vw, 1024px\" \/><\/figure>\n\n\n\n<figure class=\"wp-block-image size-medium\"><img loading=\"lazy\" decoding=\"async\" width=\"300\" height=\"300\" data-id=\"10035\" src=\"https:\/\/agr-tc.pt\/wp\/wp-content\/uploads\/2025\/10\/RamblasBarcelona-300x300.jpg\" alt=\"\" class=\"wp-image-10035\" srcset=\"https:\/\/agr-tc.pt\/wp\/wp-content\/uploads\/2025\/10\/RamblasBarcelona-300x300.jpg 300w, https:\/\/agr-tc.pt\/wp\/wp-content\/uploads\/2025\/10\/RamblasBarcelona-150x150.jpg 150w\" sizes=\"auto, (max-width: 300px) 100vw, 300px\" \/><\/figure>\n<\/figure>\n<\/div>\n<\/div>\n<\/div>\n<\/div>\n","protected":false},"excerpt":{"rendered":"<p>Entre os dias 29 de setembro e 17 de outubro, um grupo de alunos dos cursos profissionais de T\u00e9cnico de Programador de Inform\u00e1tica, T\u00e9cnico de Gest\u00e3o de Equipamentos Inform\u00e1ticos e T\u00e9cnico de Restaurante\/Bar participou numa mobilidade Erasmus+ VET em Barcelona (Espanha). Acompanhados pelos professores Carlos Rodrigues, Jos\u00e9 J\u00falio Alves, Bruno Rocha e Valter Miguel, os&hellip;<\/p>\n","protected":false},"author":1,"featured_media":10018,"parent":0,"menu_order":0,"comment_status":"closed","ping_status":"closed","template":"","meta":{"footnotes":""},"class_list":["post-10039","page","type-page","status-publish","has-post-thumbnail","hentry"],"_links":{"self":[{"href":"https:\/\/agr-tc.pt\/wp\/index.php?rest_route=\/wp\/v2\/pages\/10039","targetHints":{"allow":["GET"]}}],"collection":[{"href":"https:\/\/agr-tc.pt\/wp\/index.php?rest_route=\/wp\/v2\/pages"}],"about":[{"href":"https:\/\/agr-tc.pt\/wp\/index.php?rest_route=\/wp\/v2\/types\/page"}],"author":[{"embeddable":true,"href":"https:\/\/agr-tc.pt\/wp\/index.php?rest_route=\/wp\/v2\/users\/1"}],"replies":[{"embeddable":true,"href":"https:\/\/agr-tc.pt\/wp\/index.php?rest_route=%2Fwp%2Fv2%2Fcomments&post=10039"}],"version-history":[{"count":2,"href":"https:\/\/agr-tc.pt\/wp\/index.php?rest_route=\/wp\/v2\/pages\/10039\/revisions"}],"predecessor-version":[{"id":10041,"href":"https:\/\/agr-tc.pt\/wp\/index.php?rest_route=\/wp\/v2\/pages\/10039\/revisions\/10041"}],"wp:featuredmedia":[{"embeddable":true,"href":"https:\/\/agr-tc.pt\/wp\/index.php?rest_route=\/wp\/v2\/media\/10018"}],"wp:attachment":[{"href":"https:\/\/agr-tc.pt\/wp\/index.php?rest_route=%2Fwp%2Fv2%2Fmedia&parent=10039"}],"curies":[{"name":"wp","href":"https:\/\/api.w.org\/{rel}","templated":true}]}}